{"id":1272,"date":"2015-04-04T21:20:36","date_gmt":"2015-04-04T21:20:36","guid":{"rendered":"http:\/\/www.suenosdecostarica.com\/?page_id=1272"},"modified":"2015-08-03T15:54:24","modified_gmt":"2015-08-03T15:54:24","slug":"inciensos-y-sahumerios-naturales-y-ecologicos","status":"publish","type":"page","link":"https:\/\/suenosdecostarica.com\/?page_id=1272","title":{"rendered":"Inciensos y Sahumerios naturales y ecol\u00f3gicos"},"content":{"rendered":"<p style=\"text-align: justify;\"><a href=\"https:\/\/suenosdecostarica.com\/wp-content\/uploads\/2015\/04\/inciensos_sahumerios_eoclogicos_costa_rica_meditacion_002.jpg\"><img loading=\"lazy\" class=\"alignnone size-large wp-image-1276\" alt=\"inciensos_sahumerios_eoclogicos_costa_rica_meditacion_002\" src=\"https:\/\/suenosdecostarica.com\/wp-content\/uploads\/2015\/04\/inciensos_sahumerios_eoclogicos_costa_rica_meditacion_002-1024x728.jpg\" width=\"640\" height=\"455\" srcset=\"https:\/\/suenosdecostarica.com\/wp-content\/uploads\/2015\/04\/inciensos_sahumerios_eoclogicos_costa_rica_meditacion_002-1024x728.jpg 1024w, https:\/\/suenosdecostarica.com\/wp-content\/uploads\/2015\/04\/inciensos_sahumerios_eoclogicos_costa_rica_meditacion_002-300x213.jpg 300w, https:\/\/suenosdecostarica.com\/wp-content\/uploads\/2015\/04\/inciensos_sahumerios_eoclogicos_costa_rica_meditacion_002.jpg 1600w\" sizes=\"(max-width: 640px) 100vw, 640px\" \/><\/a><\/p>\n<p style=\"text-align: justify;\">Desde cientos de a\u00f1os atr\u00e1s, el ser humano ha usado los inciensos y los sahumerios para purificar el ambiente de sus hogares o de sus templos como ofrenda.<\/p>\n<p style=\"text-align: justify;\"><a href=\"https:\/\/suenosdecostarica.com\/wp-content\/uploads\/2015\/04\/inciensos_sahumerios_eoclogicos_costa_rica_meditacion_003.jpg\"><img loading=\"lazy\" class=\"size-medium wp-image-1277 alignleft\" alt=\"inciensos_sahumerios_eoclogicos_costa_rica_meditacion_003\" src=\"https:\/\/suenosdecostarica.com\/wp-content\/uploads\/2015\/04\/inciensos_sahumerios_eoclogicos_costa_rica_meditacion_003-300x213.jpg\" width=\"300\" height=\"213\" srcset=\"https:\/\/suenosdecostarica.com\/wp-content\/uploads\/2015\/04\/inciensos_sahumerios_eoclogicos_costa_rica_meditacion_003-300x213.jpg 300w, https:\/\/suenosdecostarica.com\/wp-content\/uploads\/2015\/04\/inciensos_sahumerios_eoclogicos_costa_rica_meditacion_003-1024x728.jpg 1024w, https:\/\/suenosdecostarica.com\/wp-content\/uploads\/2015\/04\/inciensos_sahumerios_eoclogicos_costa_rica_meditacion_003.jpg 1600w\" sizes=\"(max-width: 300px) 100vw, 300px\" \/><\/a>Desafortunadamente, como en muchos otros campos, la industrializaci\u00f3n del mundo se apoder\u00f3 de esto tambi\u00e9n y como resultado llevaron al mercado productos que contienen qu\u00edmicos y cosas da\u00f1inas para la salud, lo que es una pena cuando se trata de purificar el ambiente.\u00a0Trabajando en esta idea de ofrecerles fragrencias e inciensos naturales, hemos desarollado una l\u00ednea de inciensos y sahumerios naturales.<\/p>\n<p style=\"text-align: justify;\"><span style=\"color: #008000;\"><strong>Varillas de inciensos naturales<\/strong><\/span><\/p>\n<p style=\"text-align: justify;\"><a href=\"https:\/\/suenosdecostarica.com\/wp-content\/uploads\/2015\/04\/inciensos_naturales_costa_rica_yoga.jpg\"><img loading=\"lazy\" class=\"alignright  wp-image-1285\" alt=\"inciensos_naturales_costa_rica_yoga\" src=\"https:\/\/suenosdecostarica.com\/wp-content\/uploads\/2015\/04\/inciensos_naturales_costa_rica_yoga-300x213.jpg\" width=\"270\" height=\"192\" srcset=\"https:\/\/suenosdecostarica.com\/wp-content\/uploads\/2015\/04\/inciensos_naturales_costa_rica_yoga-300x213.jpg 300w, https:\/\/suenosdecostarica.com\/wp-content\/uploads\/2015\/04\/inciensos_naturales_costa_rica_yoga-1024x728.jpg 1024w, https:\/\/suenosdecostarica.com\/wp-content\/uploads\/2015\/04\/inciensos_naturales_costa_rica_yoga.jpg 1600w\" sizes=\"(max-width: 270px) 100vw, 270px\" \/><\/a><br \/>\nC\u00f3modas y tradicionales, nuestras varillas de incienso no llevan nada productos qu\u00edmicos como salitre u otro, son hechas con productos 100% naturales y totalmente artesanales. De momento, les ofrecemos paquetes de 5 o 10 varillas por fragrancia pero tambi\u00e9n con surtido de fragrancias.<\/p>\n<p>Fragrancias disponibles: S\u00e1ndalo, Canela, Lim\u00f3n, Pino, Vainilla, Rosas, Jazm\u00edn, Violetas, Citronella, Romero, Aromas del bosque, flores y Azahares.<\/p>\n<p style=\"text-align: justify;\"><span style=\"color: #008000;\"><strong>Sahumerios Cuatro hierbas tradicionales<\/strong><\/span><\/p>\n<p style=\"text-align: justify;\"><a href=\"https:\/\/suenosdecostarica.com\/wp-content\/uploads\/2015\/04\/sahumerio_hierbas_naturales.jpg\"><img loading=\"lazy\" class=\"alignleft size-medium wp-image-1283\" alt=\"sahumerio_hierbas_naturales\" src=\"https:\/\/suenosdecostarica.com\/wp-content\/uploads\/2015\/04\/sahumerio_hierbas_naturales-229x300.jpg\" width=\"229\" height=\"300\" srcset=\"https:\/\/suenosdecostarica.com\/wp-content\/uploads\/2015\/04\/sahumerio_hierbas_naturales-229x300.jpg 229w, https:\/\/suenosdecostarica.com\/wp-content\/uploads\/2015\/04\/sahumerio_hierbas_naturales-783x1024.jpg 783w, https:\/\/suenosdecostarica.com\/wp-content\/uploads\/2015\/04\/sahumerio_hierbas_naturales.jpg 800w\" sizes=\"(max-width: 229px) 100vw, 229px\" \/><\/a>Cada bolsa viene con un carboncito especial que se enciende facilmente. Una vez encendido, se echan las hierbas encima para sacar un humo y una fragrancia deliciosa que purifica sus hogares o sus cuarto de meditaci\u00f3n. Cualquier carb\u00f3n funciona bien. La bolsa contiene suficiente para que puedan usarlo varias veces.<\/p>\n<p style=\"text-align: justify;\">Fragancia. Trabajamos todos nuestros sahumerios con productos y hierbas sagradas y var\u00edan en funci\u00f3n de la temporada y de otras cosas : salvia blanca, lavanda, eucalipto, canela, romero, palo santo, copal, hierba buena, etc. Siempre es mejor consultarnos para saber lo que tenemos.<\/p>\n<p style=\"text-align: justify;\"><span style=\"color: #000000;\"><strong>Baguettes de Sahumerios<\/strong><\/span><\/p>\n<p style=\"text-align: justify;\"><a href=\"https:\/\/suenosdecostarica.com\/wp-content\/uploads\/2015\/04\/inciensos_naturales_sahumerios_costa_rica_purificacion.jpg\"><img loading=\"lazy\" class=\"alignright  wp-image-1286\" alt=\"inciensos_naturales_sahumerios_costa_rica_purificacion\" src=\"https:\/\/suenosdecostarica.com\/wp-content\/uploads\/2015\/04\/inciensos_naturales_sahumerios_costa_rica_purificacion-300x213.jpg\" width=\"270\" height=\"192\" srcset=\"https:\/\/suenosdecostarica.com\/wp-content\/uploads\/2015\/04\/inciensos_naturales_sahumerios_costa_rica_purificacion-300x213.jpg 300w, https:\/\/suenosdecostarica.com\/wp-content\/uploads\/2015\/04\/inciensos_naturales_sahumerios_costa_rica_purificacion-1024x728.jpg 1024w, https:\/\/suenosdecostarica.com\/wp-content\/uploads\/2015\/04\/inciensos_naturales_sahumerios_costa_rica_purificacion.jpg 1600w\" sizes=\"(max-width: 270px) 100vw, 270px\" \/><\/a>Hechos con los mismos principios que los otros sahumerios, estos baguettes estan listos para quemar, nada mas que agarrarlos por un lado y encenderlos del otro. Se usan de misma forma que los otros sahumerios pero su tama\u00f1o les permite tambien usarlos para purificar y desahumar un hogar o una casa por completo. Eso es una costumbre milenaria que se encuentra en muchos los paises del mundo en medicina tradicional, asi como en muchas religiones.<\/p>\n<p>No duden en contactarnos por cualquier modelos o cualquier consulta o duda que tengan.<\/p>\n<p><a href=\"https:\/\/suenosdecostarica.com\/wp-content\/uploads\/2014\/07\/contacto_suenos_de_costa_rica.jpg\"><img loading=\"lazy\" alt=\"contacto_suenos_de_costa_rica\" src=\"https:\/\/suenosdecostarica.com\/wp-content\/uploads\/2014\/07\/contacto_suenos_de_costa_rica.jpg\" width=\"445\" height=\"33\" \/><\/a><\/p>\n<p>Muchas gracias.<\/p>\n<p>Sue\u00f1os de Costa Rica<br \/>\n<a>Ropa creativa y ecol\u00f3gica de algod\u00f3n org\u00e1nico certificado y\u00a0Artesan\u00eda ecol\u00f3gica<\/a><\/p>\n<p>&nbsp;<\/p>\n","protected":false},"excerpt":{"rendered":"<p>Desde cientos de a\u00f1os atr\u00e1s, el ser humano ha usado los inciensos y los sahumerios para purificar el ambiente de sus hogares o de sus templos como ofrenda. Desafortunadamente, como en muchos otros campos, la industrializaci\u00f3n del mundo se apoder\u00f3 &hellip; <a href=\"https:\/\/suenosdecostarica.com\/?page_id=1272\">Continue reading <span class=\"meta-nav\">&rarr;<\/span><\/a><\/p>\n","protected":false},"author":2,"featured_media":0,"parent":0,"menu_order":0,"comment_status":"open","ping_status":"open","template":"","meta":[],"_links":{"self":[{"href":"https:\/\/suenosdecostarica.com\/index.php?rest_route=\/wp\/v2\/pages\/1272"}],"collection":[{"href":"https:\/\/suenosdecostarica.com\/index.php?rest_route=\/wp\/v2\/pages"}],"about":[{"href":"https:\/\/suenosdecostarica.com\/index.php?rest_route=\/wp\/v2\/types\/page"}],"author":[{"embeddable":true,"href":"https:\/\/suenosdecostarica.com\/index.php?rest_route=\/wp\/v2\/users\/2"}],"replies":[{"embeddable":true,"href":"https:\/\/suenosdecostarica.com\/index.php?rest_route=%2Fwp%2Fv2%2Fcomments&post=1272"}],"version-history":[{"count":14,"href":"https:\/\/suenosdecostarica.com\/index.php?rest_route=\/wp\/v2\/pages\/1272\/revisions"}],"predecessor-version":[{"id":1351,"href":"https:\/\/suenosdecostarica.com\/index.php?rest_route=\/wp\/v2\/pages\/1272\/revisions\/1351"}],"wp:attachment":[{"href":"https:\/\/suenosdecostarica.com\/index.php?rest_route=%2Fwp%2Fv2%2Fmedia&parent=1272"}],"curies":[{"name":"wp","href":"https:\/\/api.w.org\/{rel}","templated":true}]}}