{"id":173,"date":"2014-06-11T17:43:38","date_gmt":"2014-06-11T17:43:38","guid":{"rendered":"http:\/\/www.suenosdecostarica.com\/?page_id=173"},"modified":"2014-11-25T21:38:21","modified_gmt":"2014-11-25T21:38:21","slug":"las-colecciones-exclusivas","status":"publish","type":"page","link":"https:\/\/suenosdecostarica.com\/?page_id=173","title":{"rendered":"Colecci\u00f3n &#8220;Naturaleza Tica&#8221;"},"content":{"rendered":"<p style=\"text-align: justify;\"><a href=\"https:\/\/suenosdecostarica.com\/wp-content\/uploads\/2014\/06\/algodon_organico_costa_rica_naturalezza_tica.jpg\"><img loading=\"lazy\" class=\"alignleft size-medium wp-image-279\" alt=\"algodon_organico_costa_rica_naturalezza_tica\" src=\"https:\/\/suenosdecostarica.com\/wp-content\/uploads\/2014\/06\/algodon_organico_costa_rica_naturalezza_tica-159x300.jpg\" width=\"159\" height=\"300\" srcset=\"https:\/\/suenosdecostarica.com\/wp-content\/uploads\/2014\/06\/algodon_organico_costa_rica_naturalezza_tica-159x300.jpg 159w, https:\/\/suenosdecostarica.com\/wp-content\/uploads\/2014\/06\/algodon_organico_costa_rica_naturalezza_tica-544x1024.jpg 544w, https:\/\/suenosdecostarica.com\/wp-content\/uploads\/2014\/06\/algodon_organico_costa_rica_naturalezza_tica.jpg 1960w\" sizes=\"(max-width: 159px) 100vw, 159px\" \/><\/a><\/p>\n<p style=\"text-align: justify;\">Con la colecci\u00f3n &#8220;Naturaleza Tica&#8221; les ofrecemos diez dise\u00f1os totalmente exclusivos que estampan la belleza de la naturaleza de Costa Rica, disponibles en algod\u00f3n org\u00e1nico natural o de color caf\u00e9 (este \u00faltimo es te\u00f1ido con tintas especiales y ecol\u00f3gicas),<\/p>\n<p>\u00a0<span style=\"font-size: 16px;\">Los dise\u00f1os de esta colecci\u00f3n est\u00e1n disponibles en camisetas de mangas cortas hombre o mujer en color natural o caf\u00e9.<\/span><\/p>\n<p>Clica en qualquier im\u00e1gen de \u00e9sta p\u00e1gina para verlas m\u00e1s grandes.<\/p>\n<p style=\"text-align: center;\"><a href=\"https:\/\/suenosdecostarica.com\/wp-content\/uploads\/2014\/06\/algodon_organico_suenos_de_costa_rica.jpg\"><img loading=\"lazy\" class=\" wp-image-217 aligncenter\" alt=\"algodon_organico_suenos_de_costa_rica\" src=\"https:\/\/suenosdecostarica.com\/wp-content\/uploads\/2014\/06\/algodon_organico_suenos_de_costa_rica.jpg\" width=\"360\" height=\"6\" srcset=\"https:\/\/suenosdecostarica.com\/wp-content\/uploads\/2014\/06\/algodon_organico_suenos_de_costa_rica.jpg 600w, https:\/\/suenosdecostarica.com\/wp-content\/uploads\/2014\/06\/algodon_organico_suenos_de_costa_rica-300x5.jpg 300w\" sizes=\"(max-width: 360px) 100vw, 360px\" \/><\/a><\/p>\n<p><strong><span style=\"font-size: 16px;\">Las Camisetas de Algod<\/span><span style=\"font-size: 16px;\">\u00f3<\/span><span style=\"font-size: 16px;\">n Org<\/span><span style=\"font-size: 16px;\">\u00e1<\/span><span style=\"font-size: 16px;\">nico Certificado para Mujeres<\/span><\/strong><\/p>\n<p><strong><a style=\"font-size: 2.4em;\" href=\"https:\/\/suenosdecostarica.com\/wp-content\/uploads\/2014\/11\/algodon_organico_camiseta_mujer_perezoso.jpg\"><img loading=\"lazy\" class=\"size-large wp-image-669 alignnone\" alt=\"algodon_organico_camiseta_mujer_perezoso\" src=\"https:\/\/suenosdecostarica.com\/wp-content\/uploads\/2014\/11\/algodon_organico_camiseta_mujer_perezoso-1024x220.jpg\" width=\"640\" height=\"137\" srcset=\"https:\/\/suenosdecostarica.com\/wp-content\/uploads\/2014\/11\/algodon_organico_camiseta_mujer_perezoso-1024x220.jpg 1024w, https:\/\/suenosdecostarica.com\/wp-content\/uploads\/2014\/11\/algodon_organico_camiseta_mujer_perezoso-300x64.jpg 300w, https:\/\/suenosdecostarica.com\/wp-content\/uploads\/2014\/11\/algodon_organico_camiseta_mujer_perezoso.jpg 1600w\" sizes=\"(max-width: 640px) 100vw, 640px\" \/><\/a><a style=\"font-size: 2.4em;\" href=\"https:\/\/suenosdecostarica.com\/wp-content\/uploads\/2014\/11\/algodon_organico_camiseta_mujer_tortuga.jpg\"><img loading=\"lazy\" class=\"alignnone size-large wp-image-671\" alt=\"algodon_organico_camiseta_mujer_tortuga\" src=\"https:\/\/suenosdecostarica.com\/wp-content\/uploads\/2014\/11\/algodon_organico_camiseta_mujer_tortuga-1024x220.jpg\" width=\"640\" height=\"137\" srcset=\"https:\/\/suenosdecostarica.com\/wp-content\/uploads\/2014\/11\/algodon_organico_camiseta_mujer_tortuga-1024x220.jpg 1024w, https:\/\/suenosdecostarica.com\/wp-content\/uploads\/2014\/11\/algodon_organico_camiseta_mujer_tortuga-300x64.jpg 300w, https:\/\/suenosdecostarica.com\/wp-content\/uploads\/2014\/11\/algodon_organico_camiseta_mujer_tortuga.jpg 1600w\" sizes=\"(max-width: 640px) 100vw, 640px\" \/><\/a><a style=\"font-size: 2.4em;\" href=\"https:\/\/suenosdecostarica.com\/wp-content\/uploads\/2014\/11\/algodon_organico_camiseta_mujer_delfin.jpg\"><img loading=\"lazy\" class=\"alignnone size-large wp-image-665\" alt=\"algodon_organico_camiseta_mujer_delfin\" src=\"https:\/\/suenosdecostarica.com\/wp-content\/uploads\/2014\/11\/algodon_organico_camiseta_mujer_delfin-1024x220.jpg\" width=\"640\" height=\"137\" srcset=\"https:\/\/suenosdecostarica.com\/wp-content\/uploads\/2014\/11\/algodon_organico_camiseta_mujer_delfin-1024x220.jpg 1024w, https:\/\/suenosdecostarica.com\/wp-content\/uploads\/2014\/11\/algodon_organico_camiseta_mujer_delfin-300x64.jpg 300w, https:\/\/suenosdecostarica.com\/wp-content\/uploads\/2014\/11\/algodon_organico_camiseta_mujer_delfin.jpg 1600w\" sizes=\"(max-width: 640px) 100vw, 640px\" \/><\/a><a style=\"font-size: 2.4em;\" href=\"https:\/\/suenosdecostarica.com\/wp-content\/uploads\/2014\/11\/algodon_organico_camiseta_mujer_rana.jpg\"><img loading=\"lazy\" class=\"alignnone size-large wp-image-670\" alt=\"algodon_organico_camiseta_mujer_rana\" src=\"https:\/\/suenosdecostarica.com\/wp-content\/uploads\/2014\/11\/algodon_organico_camiseta_mujer_rana-1024x220.jpg\" width=\"640\" height=\"137\" srcset=\"https:\/\/suenosdecostarica.com\/wp-content\/uploads\/2014\/11\/algodon_organico_camiseta_mujer_rana-1024x220.jpg 1024w, https:\/\/suenosdecostarica.com\/wp-content\/uploads\/2014\/11\/algodon_organico_camiseta_mujer_rana-300x64.jpg 300w, https:\/\/suenosdecostarica.com\/wp-content\/uploads\/2014\/11\/algodon_organico_camiseta_mujer_rana.jpg 1600w\" sizes=\"(max-width: 640px) 100vw, 640px\" \/><\/a><a style=\"font-size: 2.4em;\" href=\"https:\/\/suenosdecostarica.com\/wp-content\/uploads\/2014\/11\/algodon_organico_camiseta_mujer_mariposa.jpg\"><img loading=\"lazy\" class=\"alignnone size-full wp-image-668\" alt=\"algodon_organico_camiseta_mujer_mariposa\" src=\"https:\/\/suenosdecostarica.com\/wp-content\/uploads\/2014\/11\/algodon_organico_camiseta_mujer_mariposa.jpg\" width=\"901\" height=\"345\" srcset=\"https:\/\/suenosdecostarica.com\/wp-content\/uploads\/2014\/11\/algodon_organico_camiseta_mujer_mariposa.jpg 901w, https:\/\/suenosdecostarica.com\/wp-content\/uploads\/2014\/11\/algodon_organico_camiseta_mujer_mariposa-300x114.jpg 300w\" sizes=\"(max-width: 901px) 100vw, 901px\" \/><\/a><a style=\"font-size: 2.4em;\" href=\"https:\/\/suenosdecostarica.com\/wp-content\/uploads\/2014\/11\/algodon_organico_camiseta_mujer_guaria_morada.jpg\"><img loading=\"lazy\" class=\"alignnone size-full wp-image-667\" alt=\"algodon_organico_camiseta_mujer_guaria_morada\" src=\"https:\/\/suenosdecostarica.com\/wp-content\/uploads\/2014\/11\/algodon_organico_camiseta_mujer_guaria_morada.jpg\" width=\"901\" height=\"345\" srcset=\"https:\/\/suenosdecostarica.com\/wp-content\/uploads\/2014\/11\/algodon_organico_camiseta_mujer_guaria_morada.jpg 901w, https:\/\/suenosdecostarica.com\/wp-content\/uploads\/2014\/11\/algodon_organico_camiseta_mujer_guaria_morada-300x114.jpg 300w\" sizes=\"(max-width: 901px) 100vw, 901px\" \/><\/a><a style=\"font-size: 2.4em;\" href=\"https:\/\/suenosdecostarica.com\/wp-content\/uploads\/2014\/11\/algodon_organico_camiseta_mujer_guacamaya.jpg\"><img loading=\"lazy\" class=\"alignnone size-full wp-image-666\" alt=\"algodon_organico_camiseta_mujer_guacamaya\" src=\"https:\/\/suenosdecostarica.com\/wp-content\/uploads\/2014\/11\/algodon_organico_camiseta_mujer_guacamaya.jpg\" width=\"901\" height=\"345\" srcset=\"https:\/\/suenosdecostarica.com\/wp-content\/uploads\/2014\/11\/algodon_organico_camiseta_mujer_guacamaya.jpg 901w, https:\/\/suenosdecostarica.com\/wp-content\/uploads\/2014\/11\/algodon_organico_camiseta_mujer_guacamaya-300x114.jpg 300w\" sizes=\"(max-width: 901px) 100vw, 901px\" \/><\/a><a style=\"font-size: 2.4em;\" href=\"https:\/\/suenosdecostarica.com\/wp-content\/uploads\/2014\/11\/algodon_organico_camiseta_mujer_colibri.jpg\"><img loading=\"lazy\" class=\"alignnone size-full wp-image-664\" alt=\"algodon_organico_camiseta_mujer_colibri\" src=\"https:\/\/suenosdecostarica.com\/wp-content\/uploads\/2014\/11\/algodon_organico_camiseta_mujer_colibri.jpg\" width=\"901\" height=\"345\" srcset=\"https:\/\/suenosdecostarica.com\/wp-content\/uploads\/2014\/11\/algodon_organico_camiseta_mujer_colibri.jpg 901w, https:\/\/suenosdecostarica.com\/wp-content\/uploads\/2014\/11\/algodon_organico_camiseta_mujer_colibri-300x114.jpg 300w\" sizes=\"(max-width: 901px) 100vw, 901px\" \/><\/a><\/strong><\/p>\n<p style=\"text-align: center;\">\u00a0<a href=\"https:\/\/suenosdecostarica.com\/wp-content\/uploads\/2014\/06\/algodon_organico_suenos_de_costa_rica.jpg\"><img loading=\"lazy\" alt=\"algodon_organico_suenos_de_costa_rica\" src=\"https:\/\/suenosdecostarica.com\/wp-content\/uploads\/2014\/06\/algodon_organico_suenos_de_costa_rica.jpg\" width=\"360\" height=\"6\" \/><\/a><\/p>\n<p><strong>Las Camisetas de Algod\u00f3n Org\u00e1nico Certificado para Hombres<\/strong><\/p>\n<p><a href=\"https:\/\/suenosdecostarica.com\/wp-content\/uploads\/2014\/11\/algodon_organico_camiseta_hombre_perezoso.jpg\"><img loading=\"lazy\" class=\"alignnone size-large wp-image-660\" alt=\"algodon_organico_camiseta_hombre_perezoso\" src=\"https:\/\/suenosdecostarica.com\/wp-content\/uploads\/2014\/11\/algodon_organico_camiseta_hombre_perezoso-1024x275.jpg\" width=\"640\" height=\"171\" srcset=\"https:\/\/suenosdecostarica.com\/wp-content\/uploads\/2014\/11\/algodon_organico_camiseta_hombre_perezoso-1024x275.jpg 1024w, https:\/\/suenosdecostarica.com\/wp-content\/uploads\/2014\/11\/algodon_organico_camiseta_hombre_perezoso-300x80.jpg 300w, https:\/\/suenosdecostarica.com\/wp-content\/uploads\/2014\/11\/algodon_organico_camiseta_hombre_perezoso.jpg 1600w\" sizes=\"(max-width: 640px) 100vw, 640px\" \/><\/a><a href=\"https:\/\/suenosdecostarica.com\/wp-content\/uploads\/2014\/11\/algodon_organico_camiseta_hombre_tortuga.jpg\"><img loading=\"lazy\" class=\"alignnone size-large wp-image-662\" alt=\"algodon_organico_camiseta_hombre_tortuga\" src=\"https:\/\/suenosdecostarica.com\/wp-content\/uploads\/2014\/11\/algodon_organico_camiseta_hombre_tortuga-1024x275.jpg\" width=\"640\" height=\"171\" srcset=\"https:\/\/suenosdecostarica.com\/wp-content\/uploads\/2014\/11\/algodon_organico_camiseta_hombre_tortuga-1024x275.jpg 1024w, https:\/\/suenosdecostarica.com\/wp-content\/uploads\/2014\/11\/algodon_organico_camiseta_hombre_tortuga-300x80.jpg 300w, https:\/\/suenosdecostarica.com\/wp-content\/uploads\/2014\/11\/algodon_organico_camiseta_hombre_tortuga.jpg 1600w\" sizes=\"(max-width: 640px) 100vw, 640px\" \/><\/a><a href=\"https:\/\/suenosdecostarica.com\/wp-content\/uploads\/2014\/11\/algodon_organico_camiseta_hombre_delfin.jpg\"><img loading=\"lazy\" class=\"alignnone size-large wp-image-657\" alt=\"algodon_organico_camiseta_hombre_delfin\" src=\"https:\/\/suenosdecostarica.com\/wp-content\/uploads\/2014\/11\/algodon_organico_camiseta_hombre_delfin-1024x275.jpg\" width=\"640\" height=\"171\" srcset=\"https:\/\/suenosdecostarica.com\/wp-content\/uploads\/2014\/11\/algodon_organico_camiseta_hombre_delfin-1024x275.jpg 1024w, https:\/\/suenosdecostarica.com\/wp-content\/uploads\/2014\/11\/algodon_organico_camiseta_hombre_delfin-300x80.jpg 300w, https:\/\/suenosdecostarica.com\/wp-content\/uploads\/2014\/11\/algodon_organico_camiseta_hombre_delfin.jpg 1600w\" sizes=\"(max-width: 640px) 100vw, 640px\" \/><\/a><a href=\"https:\/\/suenosdecostarica.com\/wp-content\/uploads\/2014\/11\/algodon_organico_camiseta_hombre_rana.jpg\"><img loading=\"lazy\" class=\"alignnone size-large wp-image-661\" alt=\"algodon_organico_camiseta_hombre_rana\" src=\"https:\/\/suenosdecostarica.com\/wp-content\/uploads\/2014\/11\/algodon_organico_camiseta_hombre_rana-1024x275.jpg\" width=\"640\" height=\"171\" srcset=\"https:\/\/suenosdecostarica.com\/wp-content\/uploads\/2014\/11\/algodon_organico_camiseta_hombre_rana-1024x275.jpg 1024w, https:\/\/suenosdecostarica.com\/wp-content\/uploads\/2014\/11\/algodon_organico_camiseta_hombre_rana-300x80.jpg 300w, https:\/\/suenosdecostarica.com\/wp-content\/uploads\/2014\/11\/algodon_organico_camiseta_hombre_rana.jpg 1600w\" sizes=\"(max-width: 640px) 100vw, 640px\" \/><\/a><a href=\"https:\/\/suenosdecostarica.com\/wp-content\/uploads\/2014\/11\/algodon_organico_camiseta_hombre_iguana.jpg\"><img loading=\"lazy\" class=\"alignnone size-large wp-image-659\" alt=\"algodon_organico_camiseta_hombre_iguana\" src=\"https:\/\/suenosdecostarica.com\/wp-content\/uploads\/2014\/11\/algodon_organico_camiseta_hombre_iguana-1024x397.jpg\" width=\"640\" height=\"248\" srcset=\"https:\/\/suenosdecostarica.com\/wp-content\/uploads\/2014\/11\/algodon_organico_camiseta_hombre_iguana-1024x397.jpg 1024w, https:\/\/suenosdecostarica.com\/wp-content\/uploads\/2014\/11\/algodon_organico_camiseta_hombre_iguana-300x116.jpg 300w, https:\/\/suenosdecostarica.com\/wp-content\/uploads\/2014\/11\/algodon_organico_camiseta_hombre_iguana.jpg 1103w\" sizes=\"(max-width: 640px) 100vw, 640px\" \/><\/a><a href=\"https:\/\/suenosdecostarica.com\/wp-content\/uploads\/2014\/11\/algodon_organico_camiseta_hombre_tucan.jpg\"><img loading=\"lazy\" class=\"alignnone size-large wp-image-663\" alt=\"algodon_organico_camiseta_hombre_tucan\" src=\"https:\/\/suenosdecostarica.com\/wp-content\/uploads\/2014\/11\/algodon_organico_camiseta_hombre_tucan-1024x397.jpg\" width=\"640\" height=\"248\" srcset=\"https:\/\/suenosdecostarica.com\/wp-content\/uploads\/2014\/11\/algodon_organico_camiseta_hombre_tucan-1024x397.jpg 1024w, https:\/\/suenosdecostarica.com\/wp-content\/uploads\/2014\/11\/algodon_organico_camiseta_hombre_tucan-300x116.jpg 300w, https:\/\/suenosdecostarica.com\/wp-content\/uploads\/2014\/11\/algodon_organico_camiseta_hombre_tucan.jpg 1103w\" sizes=\"(max-width: 640px) 100vw, 640px\" \/><\/a><a href=\"https:\/\/suenosdecostarica.com\/wp-content\/uploads\/2014\/11\/algodon_organico_camiseta_hombre_guacamaya.jpg\"><img loading=\"lazy\" class=\"alignnone size-large wp-image-658\" alt=\"algodon_organico_camiseta_hombre_guacamaya\" src=\"https:\/\/suenosdecostarica.com\/wp-content\/uploads\/2014\/11\/algodon_organico_camiseta_hombre_guacamaya-1024x397.jpg\" width=\"640\" height=\"248\" srcset=\"https:\/\/suenosdecostarica.com\/wp-content\/uploads\/2014\/11\/algodon_organico_camiseta_hombre_guacamaya-1024x397.jpg 1024w, https:\/\/suenosdecostarica.com\/wp-content\/uploads\/2014\/11\/algodon_organico_camiseta_hombre_guacamaya-300x116.jpg 300w, https:\/\/suenosdecostarica.com\/wp-content\/uploads\/2014\/11\/algodon_organico_camiseta_hombre_guacamaya.jpg 1103w\" sizes=\"(max-width: 640px) 100vw, 640px\" \/><\/a><\/p>\n<p style=\"text-align: center;\"><a href=\"https:\/\/suenosdecostarica.com\/wp-content\/uploads\/2014\/06\/algodon_organico_suenos_de_costa_rica.jpg\"><img loading=\"lazy\" class=\"wp-image-217 aligncenter\" alt=\"algodon_organico_suenos_de_costa_rica\" src=\"https:\/\/suenosdecostarica.com\/wp-content\/uploads\/2014\/06\/algodon_organico_suenos_de_costa_rica.jpg\" width=\"360\" height=\"6\" srcset=\"https:\/\/suenosdecostarica.com\/wp-content\/uploads\/2014\/06\/algodon_organico_suenos_de_costa_rica.jpg 600w, https:\/\/suenosdecostarica.com\/wp-content\/uploads\/2014\/06\/algodon_organico_suenos_de_costa_rica-300x5.jpg 300w\" sizes=\"(max-width: 360px) 100vw, 360px\" \/><\/a><\/p>\n<p><strong>\u00a0Las mangas largas Sue\u00f1os de Costa Rica<\/strong><\/p>\n<p>Para completar \u00e9sta colecci\u00f3n le ofrecemos nuestro modelos manga larga tortuga.<\/p>\n<p><a href=\"https:\/\/suenosdecostarica.com\/wp-content\/uploads\/2014\/06\/algodon_organico_costa_rica_camisetas_manga_larga.jpg\"><img loading=\"lazy\" class=\"alignnone size-large wp-image-676\" alt=\"algodon_organico_costa_rica_camisetas_manga_larga\" src=\"https:\/\/suenosdecostarica.com\/wp-content\/uploads\/2014\/06\/algodon_organico_costa_rica_camisetas_manga_larga-1024x361.jpg\" width=\"640\" height=\"225\" srcset=\"https:\/\/suenosdecostarica.com\/wp-content\/uploads\/2014\/06\/algodon_organico_costa_rica_camisetas_manga_larga-1024x361.jpg 1024w, https:\/\/suenosdecostarica.com\/wp-content\/uploads\/2014\/06\/algodon_organico_costa_rica_camisetas_manga_larga-300x105.jpg 300w, https:\/\/suenosdecostarica.com\/wp-content\/uploads\/2014\/06\/algodon_organico_costa_rica_camisetas_manga_larga.jpg 1600w\" sizes=\"(max-width: 640px) 100vw, 640px\" \/><\/a><\/p>\n<p style=\"text-align: center;\"><a href=\"https:\/\/suenosdecostarica.com\/wp-content\/uploads\/2014\/06\/algodon_organico_suenos_de_costa_rica.jpg\"><img loading=\"lazy\" class=\"aligncenter  wp-image-217\" alt=\"algodon_organico_suenos_de_costa_rica\" src=\"https:\/\/suenosdecostarica.com\/wp-content\/uploads\/2014\/06\/algodon_organico_suenos_de_costa_rica.jpg\" width=\"360\" height=\"6\" srcset=\"https:\/\/suenosdecostarica.com\/wp-content\/uploads\/2014\/06\/algodon_organico_suenos_de_costa_rica.jpg 600w, https:\/\/suenosdecostarica.com\/wp-content\/uploads\/2014\/06\/algodon_organico_suenos_de_costa_rica-300x5.jpg 300w\" sizes=\"(max-width: 360px) 100vw, 360px\" \/><\/a><\/p>\n<p><strong>Camisetas lisas de algod\u00f3n org\u00e1nico para mujeres o hombres\u00a0<\/strong><\/p>\n<p>Todos nuestros modelos est\u00e1n disponibles tambi\u00e9n sin dise\u00f1o! Contactanos para m\u00e1s informaci\u00f3n.<\/p>\n<p style=\"text-align: center;\"><a href=\"https:\/\/suenosdecostarica.com\/wp-content\/uploads\/2014\/06\/algodon_organico_suenos_de_costa_rica.jpg\"><img loading=\"lazy\" alt=\"algodon_organico_suenos_de_costa_rica\" src=\"https:\/\/suenosdecostarica.com\/wp-content\/uploads\/2014\/06\/algodon_organico_suenos_de_costa_rica.jpg\" width=\"360\" height=\"6\" \/><\/a><\/p>\n<p><strong>Para conseguir nuestras prendas en Costa Rica y en el extranjero.\u00a0<\/strong><\/p>\n<p>No duden en\u00a0<a title=\"contacto camisetas algodon organico costa rica\" href=\"https:\/\/suenosdecostarica.com\/?page_id=2\">contactarnos por t\u00e9lefono o correo electr\u00f3nico<\/a>\u00a0para saber m\u00e1s sobre nuestros puntos de distribuci\u00f3n.<\/p>\n<p style=\"text-align: center;\">\u00a0<a href=\"https:\/\/suenosdecostarica.com\/wp-content\/uploads\/2014\/06\/algodon_organico_suenos_de_costa_rica.jpg\"><img loading=\"lazy\" alt=\"algodon_organico_suenos_de_costa_rica\" src=\"https:\/\/suenosdecostarica.com\/wp-content\/uploads\/2014\/06\/algodon_organico_suenos_de_costa_rica-300x5.jpg\" width=\"300\" height=\"5\" \/><\/a><\/p>\n<p><strong>Venta al mayor, tiendas de ropas, \u00a0tiendas de hoteles, tienda verde o de souvenirs<\/strong><\/p>\n<p>Si tiene una tienda de ropa, de souvenir, una tienda de hotel, una tienda verde, etc, y esta interesado en distribuir nuestras prendas, pongase en contacto con nosotros.<\/p>\n<p style=\"text-align: center;\">\u00a0<a href=\"https:\/\/suenosdecostarica.com\/wp-content\/uploads\/2014\/06\/algodon_organico_suenos_de_costa_rica.jpg\"><img loading=\"lazy\" alt=\"algodon_organico_suenos_de_costa_rica\" src=\"https:\/\/suenosdecostarica.com\/wp-content\/uploads\/2014\/06\/algodon_organico_suenos_de_costa_rica-300x5.jpg\" width=\"300\" height=\"5\" \/><\/a><\/p>\n<p><strong>Clientes del sector profesional o eventos especiales, sus camisetas con su Dise\u00f1o GRATIS<\/strong><\/p>\n<p style=\"text-align: justify;\"><a href=\"https:\/\/suenosdecostarica.com\/wp-content\/uploads\/2014\/02\/algodon_organico_costa_rica.jpg\"><img loading=\"lazy\" class=\"alignleft size-medium wp-image-104\" alt=\"algodon_organico_costa_rica\" src=\"https:\/\/suenosdecostarica.com\/wp-content\/uploads\/2014\/02\/algodon_organico_costa_rica-300x186.jpg\" width=\"300\" height=\"186\" srcset=\"https:\/\/suenosdecostarica.com\/wp-content\/uploads\/2014\/02\/algodon_organico_costa_rica-300x186.jpg 300w, https:\/\/suenosdecostarica.com\/wp-content\/uploads\/2014\/02\/algodon_organico_costa_rica-481x300.jpg 481w, https:\/\/suenosdecostarica.com\/wp-content\/uploads\/2014\/02\/algodon_organico_costa_rica.jpg 623w\" sizes=\"(max-width: 300px) 100vw, 300px\" \/><\/a>Para clientes del sector profesional, hoteles, eventos, festivales, parques, operaciones promocionales, a\u00a0partir de un pedido de 100 unidades, les ofrecemos su propio dise\u00f1o o logo GRATIS sin costo adicional. Consultenos por tel\u00e9fono o correo electr\u00f3nico para m\u00e1s\u00a0detalles.<\/p>\n","protected":false},"excerpt":{"rendered":"<p>Con la colecci\u00f3n &#8220;Naturaleza Tica&#8221; les ofrecemos diez dise\u00f1os totalmente exclusivos que estampan la belleza de la naturaleza de Costa Rica, disponibles en algod\u00f3n org\u00e1nico natural o de color caf\u00e9 (este \u00faltimo es te\u00f1ido con tintas especiales y ecol\u00f3gicas), \u00a0Los &hellip; <a href=\"https:\/\/suenosdecostarica.com\/?page_id=173\">Continue reading <span class=\"meta-nav\">&rarr;<\/span><\/a><\/p>\n","protected":false},"author":2,"featured_media":0,"parent":0,"menu_order":0,"comment_status":"open","ping_status":"open","template":"","meta":[],"_links":{"self":[{"href":"https:\/\/suenosdecostarica.com\/index.php?rest_route=\/wp\/v2\/pages\/173"}],"collection":[{"href":"https:\/\/suenosdecostarica.com\/index.php?rest_route=\/wp\/v2\/pages"}],"about":[{"href":"https:\/\/suenosdecostarica.com\/index.php?rest_route=\/wp\/v2\/types\/page"}],"author":[{"embeddable":true,"href":"https:\/\/suenosdecostarica.com\/index.php?rest_route=\/wp\/v2\/users\/2"}],"replies":[{"embeddable":true,"href":"https:\/\/suenosdecostarica.com\/index.php?rest_route=%2Fwp%2Fv2%2Fcomments&post=173"}],"version-history":[{"count":42,"href":"https:\/\/suenosdecostarica.com\/index.php?rest_route=\/wp\/v2\/pages\/173\/revisions"}],"predecessor-version":[{"id":678,"href":"https:\/\/suenosdecostarica.com\/index.php?rest_route=\/wp\/v2\/pages\/173\/revisions\/678"}],"wp:attachment":[{"href":"https:\/\/suenosdecostarica.com\/index.php?rest_route=%2Fwp%2Fv2%2Fmedia&parent=173"}],"curies":[{"name":"wp","href":"https:\/\/api.w.org\/{rel}","templated":true}]}}