{"id":288,"date":"2014-06-12T20:11:23","date_gmt":"2014-06-12T20:11:23","guid":{"rendered":"http:\/\/www.suenosdecostarica.com\/?page_id=288"},"modified":"2015-04-04T21:28:04","modified_gmt":"2015-04-04T21:28:04","slug":"mayorista","status":"publish","type":"page","link":"https:\/\/suenosdecostarica.com\/?page_id=288","title":{"rendered":"Otros productos"},"content":{"rendered":"<p><strong><span style=\"color: #008000;\">Productos 100% naturales y ecol\u00f3gicos, hechos en Costa Rica<\/span><\/strong><\/p>\n<p style=\"text-align: left;\"><span style=\"color: #000000;\"><strong>Collares y Pulseras Japa Malas, de perlas y madera naturales<\/strong><\/span><img loading=\"lazy\" class=\"alignnone size-full wp-image-1213\" alt=\"yoga_japa_mala_costa_rica\" src=\"https:\/\/suenosdecostarica.com\/wp-content\/uploads\/2015\/04\/yoga_japa_mala_costa_rica.jpg\" width=\"640\" height=\"110\" srcset=\"https:\/\/suenosdecostarica.com\/wp-content\/uploads\/2015\/04\/yoga_japa_mala_costa_rica.jpg 640w, https:\/\/suenosdecostarica.com\/wp-content\/uploads\/2015\/04\/yoga_japa_mala_costa_rica-300x51.jpg 300w\" sizes=\"(max-width: 640px) 100vw, 640px\" \/><a title=\"Yoga collares y pulseras japa mala costa rica\" href=\"https:\/\/suenosdecostarica.com\/?page_id=1111\"><img loading=\"lazy\" class=\"alignleft  wp-image-1205\" title=\"Yoga japa mala costa rica collares y pulseras\" alt=\"japa_malas_pulseras_collares_costa_rica\" src=\"https:\/\/suenosdecostarica.com\/wp-content\/uploads\/2015\/04\/japa_malas_pulseras_collares_costa_rica.jpg\" width=\"186\" height=\"34\" \/><\/a><a title=\"Novedades Yoga y meditacion costa rica: japa malas\" href=\"https:\/\/suenosdecostarica.com\/?p=1182\"><img loading=\"lazy\" class=\"alignleft  wp-image-1212\" title=\"Yoga novedades japa mala costa rica\" alt=\"yoga_costa_rica_novedades\" src=\"https:\/\/suenosdecostarica.com\/wp-content\/uploads\/2015\/04\/yoga_costa_rica_novedades.jpg\" width=\"186\" height=\"34\" \/><\/a><a href=\"https:\/\/suenosdecostarica.com\/wp-content\/uploads\/2014\/06\/bouton_blanc.jpg\"><img loading=\"lazy\" class=\"alignleft  wp-image-1216\" alt=\"bouton_blanc\" src=\"https:\/\/suenosdecostarica.com\/wp-content\/uploads\/2014\/06\/bouton_blanc.jpg\" width=\"186\" height=\"34\" \/><\/a><\/p>\n<p style=\"text-align: left;\"><span style=\"color: #333300;\"><strong><br \/>\n<span style=\"color: #000000;\">Varillas de Inciensos y sahumerios naturales y artesanales<\/span><\/strong><\/span><img loading=\"lazy\" class=\"alignnone size-full wp-image-1204\" alt=\"inciensio_sahurmerios_ecologicos_costa_rica\" src=\"https:\/\/suenosdecostarica.com\/wp-content\/uploads\/2015\/04\/inciensio_sahurmerios_ecologicos_costa_rica.jpg\" width=\"640\" height=\"110\" srcset=\"https:\/\/suenosdecostarica.com\/wp-content\/uploads\/2015\/04\/inciensio_sahurmerios_ecologicos_costa_rica.jpg 640w, https:\/\/suenosdecostarica.com\/wp-content\/uploads\/2015\/04\/inciensio_sahurmerios_ecologicos_costa_rica-300x51.jpg 300w\" sizes=\"(max-width: 640px) 100vw, 640px\" \/><a title=\"varillas de inciensos naturales costa rica\" href=\"https:\/\/suenosdecostarica.com\/?page_id=1272\"><img loading=\"lazy\" class=\"alignleft  wp-image-1211\" title=\"Incienso natural y ecologico costa rica\" alt=\"varillas_inciensio_natural_ecologico\" src=\"https:\/\/suenosdecostarica.com\/wp-content\/uploads\/2015\/04\/varillas_inciensio_natural_ecologico.jpg\" width=\"186\" height=\"34\" \/><\/a><a title=\"Sahumerios cuatro hierbas  naturales, meditacion y purificacion\" href=\"https:\/\/suenosdecostarica.com\/?page_id=1272\"><img loading=\"lazy\" class=\"alignleft  wp-image-1222\" title=\"sahumerios  y inciensos naturales costa rica\" alt=\"sahumerios_hierbas_ecologico_costa_rica\" src=\"https:\/\/suenosdecostarica.com\/wp-content\/uploads\/2014\/06\/sahumerios_hierbas_ecologico_costa_rica.jpg\" width=\"186\" height=\"34\" \/><\/a><br \/>\n<a title=\"Inciensos y sahumerios ecologicos costa rica\" href=\"https:\/\/suenosdecostarica.com\/?page_id=1272\"><img loading=\"lazy\" class=\"alignleft  wp-image-1203\" title=\"Baguette sahumerio purificacion casa costa rica\" alt=\"baguette_yerbas_sahumerio_natural_costa_rica\" src=\"https:\/\/suenosdecostarica.com\/wp-content\/uploads\/2015\/04\/baguette_yerbas_sahumerio_natural_costa_rica.jpg\" width=\"186\" height=\"34\" \/><\/a><\/p>\n<p style=\"text-align: left;\"><span style=\"color: #333300;\"><strong><span style=\"color: #000000;\"><span style=\"color: #000000;\">Artesan\u00eda de madera reciclada y reusada pintada a mano\u00a0<\/span><\/span><img loading=\"lazy\" class=\"size-full wp-image-1201 alignnone\" alt=\"artesania_ecologica_madera_costa_rica\" src=\"https:\/\/suenosdecostarica.com\/wp-content\/uploads\/2015\/04\/artesania_ecologica_madera_costa_rica.jpg\" width=\"640\" height=\"110\" srcset=\"https:\/\/suenosdecostarica.com\/wp-content\/uploads\/2015\/04\/artesania_ecologica_madera_costa_rica.jpg 640w, https:\/\/suenosdecostarica.com\/wp-content\/uploads\/2015\/04\/artesania_ecologica_madera_costa_rica-300x51.jpg 300w\" sizes=\"(max-width: 640px) 100vw, 640px\" \/><a title=\"Artesania madera reciclada costa rica\" href=\"https:\/\/suenosdecostarica.com\/?page_id=786\"><img loading=\"lazy\" class=\"alignleft  wp-image-1202\" title=\"Artesania ecologica y madera reciclada costa rica\" alt=\"artesania_madera_ecologica_separadores_de_libros\" src=\"https:\/\/suenosdecostarica.com\/wp-content\/uploads\/2015\/04\/artesania_madera_ecologica_separadores_de_libros.jpg\" width=\"186\" height=\"34\" \/><\/a><a title=\"Artesania madera ecologica costa rica : Magnetos, juguete, souvenirs ecologicos\" href=\"https:\/\/suenosdecostarica.com\/?page_id=506\"><img loading=\"lazy\" class=\"alignleft  wp-image-1200\" title=\"Artesania madera reusada costa rica\" alt=\"artesania_ecologica_costa_rica_madera_reusada\" src=\"https:\/\/suenosdecostarica.com\/wp-content\/uploads\/2015\/04\/artesania_ecologica_costa_rica_madera_reusada.jpg\" width=\"186\" height=\"34\" \/><\/a><a title=\"Artesania madera reusada costa rica : llaveros ecologicos\" href=\"https:\/\/suenosdecostarica.com\/?page_id=1229\"><img loading=\"lazy\" class=\"alignleft  wp-image-1206\" title=\"Artesania ecologica de madera reciclada costa rica\" alt=\"llaveros_ecologicos_madera_reciclada_costa_rica\" src=\"https:\/\/suenosdecostarica.com\/wp-content\/uploads\/2015\/04\/llaveros_ecologicos_madera_reciclada_costa_rica.jpg\" width=\"186\" height=\"34\" \/><\/a><\/strong><\/span><\/p>\n<p style=\"text-align: left;\"><strong>Ofertas Mayoristas y Venta al por mayor<img loading=\"lazy\" class=\"alignnone size-full wp-image-1257\" alt=\"oferta_tiendas_ropa_organica_artesania_ecologico_costa_rica\" src=\"https:\/\/suenosdecostarica.com\/wp-content\/uploads\/2014\/06\/oferta_tiendas_ropa_organica_artesania_ecologico_costa_rica.jpg\" width=\"640\" height=\"110\" srcset=\"https:\/\/suenosdecostarica.com\/wp-content\/uploads\/2014\/06\/oferta_tiendas_ropa_organica_artesania_ecologico_costa_rica.jpg 640w, https:\/\/suenosdecostarica.com\/wp-content\/uploads\/2014\/06\/oferta_tiendas_ropa_organica_artesania_ecologico_costa_rica-300x51.jpg 300w\" sizes=\"(max-width: 640px) 100vw, 640px\" \/><a title=\"ofertas mayoristas para tiendas de yoga, de hoteles o de souvenirs\" href=\"https:\/\/suenosdecostarica.com\/?page_id=783\"><img loading=\"lazy\" class=\"alignnone size-full wp-image-1258\" alt=\"ofertas_mayoristas_tiendas_costa_rica\" src=\"https:\/\/suenosdecostarica.com\/wp-content\/uploads\/2014\/06\/ofertas_mayoristas_tiendas_costa_rica.jpg\" width=\"227\" height=\"38\" \/><\/a><\/strong><\/p>\n<h1 style=\"text-align: justify;\"><span style=\"font-size: 16px;\">Otra vez, <\/span><a style=\"font-size: 16px;\" title=\"contacto algod\u00f3n org\u00e1nico y artesan\u00eda ecol\u00f3gica costa rica\" href=\"https:\/\/suenosdecostarica.com\/?page_id=2\" target=\"_blank\">no dude en contactarnos<\/a><span style=\"font-size: 16px;\"> para cualquier pregunta acerca de nuestros precios y condiciones. Estamos aqu\u00ed para servirle.<\/span><\/h1>\n<p>Muchas gracias.<\/p>\n<p>No duden en contactarnos para m\u00e1s informaci\u00f3n ya sea para usted, su centro de yoga o tiendas.<\/p>\n<p>Que tengan un d\u00eda bello.<\/p>\n<p><a>Sue\u00f1os de Costa Rica<br \/>\n<\/a><a>Ropa creativa y ecol\u00f3gica de algod\u00f3n org\u00e1nico certificado y\u00a0Artesan\u00eda ecol\u00f3gica<\/a><\/p>\n<p>&nbsp;<\/p>\n<h1><span style=\"font-size: 16px;\">\u00a0<\/span><\/h1>\n","protected":false},"excerpt":{"rendered":"<p>Productos 100% naturales y ecol\u00f3gicos, hechos en Costa Rica Collares y Pulseras Japa Malas, de perlas y madera naturales Varillas de Inciensos y sahumerios naturales y artesanales Artesan\u00eda de madera reciclada y reusada pintada a mano\u00a0 Ofertas Mayoristas y Venta &hellip; <a href=\"https:\/\/suenosdecostarica.com\/?page_id=288\">Continue reading <span class=\"meta-nav\">&rarr;<\/span><\/a><\/p>\n","protected":false},"author":2,"featured_media":0,"parent":0,"menu_order":0,"comment_status":"open","ping_status":"open","template":"","meta":[],"_links":{"self":[{"href":"https:\/\/suenosdecostarica.com\/index.php?rest_route=\/wp\/v2\/pages\/288"}],"collection":[{"href":"https:\/\/suenosdecostarica.com\/index.php?rest_route=\/wp\/v2\/pages"}],"about":[{"href":"https:\/\/suenosdecostarica.com\/index.php?rest_route=\/wp\/v2\/types\/page"}],"author":[{"embeddable":true,"href":"https:\/\/suenosdecostarica.com\/index.php?rest_route=\/wp\/v2\/users\/2"}],"replies":[{"embeddable":true,"href":"https:\/\/suenosdecostarica.com\/index.php?rest_route=%2Fwp%2Fv2%2Fcomments&post=288"}],"version-history":[{"count":31,"href":"https:\/\/suenosdecostarica.com\/index.php?rest_route=\/wp\/v2\/pages\/288\/revisions"}],"predecessor-version":[{"id":1297,"href":"https:\/\/suenosdecostarica.com\/index.php?rest_route=\/wp\/v2\/pages\/288\/revisions\/1297"}],"wp:attachment":[{"href":"https:\/\/suenosdecostarica.com\/index.php?rest_route=%2Fwp%2Fv2%2Fmedia&parent=288"}],"curies":[{"name":"wp","href":"https:\/\/api.w.org\/{rel}","templated":true}]}}