{"id":319,"date":"2014-06-13T17:51:24","date_gmt":"2014-06-13T17:51:24","guid":{"rendered":"http:\/\/www.suenosdecostarica.com\/?page_id=319"},"modified":"2015-04-04T21:25:44","modified_gmt":"2015-04-04T21:25:44","slug":"bienvenidos-a-suenos-de-costa-rica","status":"publish","type":"page","link":"https:\/\/suenosdecostarica.com\/","title":{"rendered":"\u00a1Bienvenidos a Sue\u00f1os de Costa Rica!"},"content":{"rendered":"<p><strong><span style=\"color: #008000;\">Productos 100% naturales y ecol\u00f3gicos, hechos en Costa Rica<\/span><\/strong><\/p>\n<p><strong><span style=\"color: #000000;\">Ropa creativa y ecol\u00f3gica de Algod\u00f3n Cerficado 100% org\u00e1nico<\/span><img loading=\"lazy\" class=\"alignnone size-full wp-image-1207\" alt=\"ropa_algodon_organico_costa_rica\" src=\"https:\/\/suenosdecostarica.com\/wp-content\/uploads\/2015\/04\/ropa_algodon_organico_costa_rica.jpg\" width=\"640\" height=\"110\" srcset=\"https:\/\/suenosdecostarica.com\/wp-content\/uploads\/2015\/04\/ropa_algodon_organico_costa_rica.jpg 640w, https:\/\/suenosdecostarica.com\/wp-content\/uploads\/2015\/04\/ropa_algodon_organico_costa_rica-300x51.jpg 300w\" sizes=\"(max-width: 640px) 100vw, 640px\" \/><a title=\"Ropa creativa y prendas lisas de Algodon organico\" href=\"https:\/\/suenosdecostarica.com\/?page_id=90\"><img loading=\"lazy\" class=\"alignleft  wp-image-1208\" title=\"Camisetas y ropa lisa de algodon organico\" alt=\"ropa_ecologica_algodon_organico\" src=\"https:\/\/suenosdecostarica.com\/wp-content\/uploads\/2015\/04\/ropa_ecologica_algodon_organico.jpg\" width=\"186\" height=\"34\" \/><\/a><a title=\"Ropa ecologica y organica especial yoga y meditacion\" href=\"https:\/\/suenosdecostarica.com\/?page_id=193\"><img loading=\"lazy\" class=\"alignleft  wp-image-1214\" title=\"Ropa especial yoga costa rica\" alt=\"yoga_ropa_algodon_organico\" src=\"https:\/\/suenosdecostarica.com\/wp-content\/uploads\/2015\/04\/yoga_ropa_algodon_organico.jpg\" width=\"186\" height=\"34\" \/><\/a><a title=\"Ropa organica y algodon organico costa rica \" href=\"https:\/\/suenosdecostarica.com\/?page_id=173\"><img loading=\"lazy\" class=\"alignleft  wp-image-1209\" title=\"Ropa ecologica Naturaleza costa rica\" alt=\"ropa_ecologica_naturaleza_costa_rica_\" src=\"https:\/\/suenosdecostarica.com\/wp-content\/uploads\/2015\/04\/ropa_ecologica_naturaleza_costa_rica_.jpg\" width=\"186\" height=\"34\" \/><\/a><\/strong><\/p>\n<p style=\"text-align: left;\"><span style=\"color: #000000;\"><strong>Collares y Pulseras Japa Malas, de perlas y madera naturales<\/strong><\/span><img loading=\"lazy\" class=\"alignnone size-full wp-image-1213\" alt=\"yoga_japa_mala_costa_rica\" src=\"https:\/\/suenosdecostarica.com\/wp-content\/uploads\/2015\/04\/yoga_japa_mala_costa_rica.jpg\" width=\"640\" height=\"110\" srcset=\"https:\/\/suenosdecostarica.com\/wp-content\/uploads\/2015\/04\/yoga_japa_mala_costa_rica.jpg 640w, https:\/\/suenosdecostarica.com\/wp-content\/uploads\/2015\/04\/yoga_japa_mala_costa_rica-300x51.jpg 300w\" sizes=\"(max-width: 640px) 100vw, 640px\" \/><a title=\"Yoga collares y pulseras japa mala costa rica\" href=\"https:\/\/suenosdecostarica.com\/?page_id=1111\"><img loading=\"lazy\" class=\"alignleft  wp-image-1205\" title=\"Yoga japa mala costa rica collares y pulseras\" alt=\"japa_malas_pulseras_collares_costa_rica\" src=\"https:\/\/suenosdecostarica.com\/wp-content\/uploads\/2015\/04\/japa_malas_pulseras_collares_costa_rica.jpg\" width=\"186\" height=\"34\" \/><\/a><a title=\"Novedades Yoga y meditacion costa rica: japa malas\" href=\"https:\/\/suenosdecostarica.com\/?p=1182\"><img loading=\"lazy\" class=\"alignleft  wp-image-1212\" title=\"Yoga novedades japa mala costa rica\" alt=\"yoga_costa_rica_novedades\" src=\"https:\/\/suenosdecostarica.com\/wp-content\/uploads\/2015\/04\/yoga_costa_rica_novedades.jpg\" width=\"186\" height=\"34\" \/><\/a><a href=\"https:\/\/suenosdecostarica.com\/wp-content\/uploads\/2014\/06\/bouton_blanc.jpg\"><img loading=\"lazy\" class=\"alignleft  wp-image-1216\" alt=\"bouton_blanc\" src=\"https:\/\/suenosdecostarica.com\/wp-content\/uploads\/2014\/06\/bouton_blanc.jpg\" width=\"186\" height=\"34\" \/><\/a><\/p>\n<p style=\"text-align: left;\"><span style=\"color: #333300;\"><strong><br \/>\n<span style=\"color: #000000;\">Varillas de Inciensos y sahumerios naturales y artesanales<\/span><\/strong><\/span><img loading=\"lazy\" class=\"alignnone size-full wp-image-1204\" alt=\"inciensio_sahurmerios_ecologicos_costa_rica\" src=\"https:\/\/suenosdecostarica.com\/wp-content\/uploads\/2015\/04\/inciensio_sahurmerios_ecologicos_costa_rica.jpg\" width=\"640\" height=\"110\" srcset=\"https:\/\/suenosdecostarica.com\/wp-content\/uploads\/2015\/04\/inciensio_sahurmerios_ecologicos_costa_rica.jpg 640w, https:\/\/suenosdecostarica.com\/wp-content\/uploads\/2015\/04\/inciensio_sahurmerios_ecologicos_costa_rica-300x51.jpg 300w\" sizes=\"(max-width: 640px) 100vw, 640px\" \/><a title=\"inciensos naturales costa rica sandalo \" href=\"https:\/\/suenosdecostarica.com\/?page_id=1272\"><img loading=\"lazy\" class=\"alignleft  wp-image-1211\" title=\"Incienso natural y ecologico costa rica\" alt=\"varillas_inciensio_natural_ecologico\" src=\"https:\/\/suenosdecostarica.com\/wp-content\/uploads\/2015\/04\/varillas_inciensio_natural_ecologico.jpg\" width=\"186\" height=\"34\" \/><\/a><a title=\"Sahumerios cuatro hierbas  naturales y ecologicos\" href=\"https:\/\/suenosdecostarica.com\/?page_id=1272\"><img loading=\"lazy\" class=\"alignleft  wp-image-1222\" title=\"sahumerios  y inciensos naturales costa rica\" alt=\"sahumerios_hierbas_ecologico_costa_rica\" src=\"https:\/\/suenosdecostarica.com\/wp-content\/uploads\/2014\/06\/sahumerios_hierbas_ecologico_costa_rica.jpg\" width=\"186\" height=\"34\" \/><\/a><br \/>\n<a title=\"Inciensos y sahumerios ecologicos costa rica\" href=\"https:\/\/suenosdecostarica.com\/?page_id=1272\"><img loading=\"lazy\" class=\"alignleft  wp-image-1203\" title=\"Baguette sahumerio purificacion casa costa rica\" alt=\"baguette_yerbas_sahumerio_natural_costa_rica\" src=\"https:\/\/suenosdecostarica.com\/wp-content\/uploads\/2015\/04\/baguette_yerbas_sahumerio_natural_costa_rica.jpg\" width=\"186\" height=\"34\" \/><\/a><\/p>\n<p style=\"text-align: left;\"><span style=\"color: #333300;\"><strong><span style=\"color: #000000;\"><span style=\"color: #000000;\">Artesan\u00eda de madera reciclada y reusada pintada a mano\u00a0<\/span><\/span><img loading=\"lazy\" class=\"size-full wp-image-1201 alignnone\" alt=\"artesania_ecologica_madera_costa_rica\" src=\"https:\/\/suenosdecostarica.com\/wp-content\/uploads\/2015\/04\/artesania_ecologica_madera_costa_rica.jpg\" width=\"640\" height=\"110\" srcset=\"https:\/\/suenosdecostarica.com\/wp-content\/uploads\/2015\/04\/artesania_ecologica_madera_costa_rica.jpg 640w, https:\/\/suenosdecostarica.com\/wp-content\/uploads\/2015\/04\/artesania_ecologica_madera_costa_rica-300x51.jpg 300w\" sizes=\"(max-width: 640px) 100vw, 640px\" \/><a title=\"Artesania madera reciclada costa rica\" href=\"https:\/\/suenosdecostarica.com\/?page_id=786\"><img loading=\"lazy\" class=\"alignleft  wp-image-1202\" title=\"Artesania ecologica y madera reciclada costa rica\" alt=\"artesania_madera_ecologica_separadores_de_libros\" src=\"https:\/\/suenosdecostarica.com\/wp-content\/uploads\/2015\/04\/artesania_madera_ecologica_separadores_de_libros.jpg\" width=\"186\" height=\"34\" \/><\/a><a title=\"Artesania madera ecologica costa rica : Magnetos, juguete, souvenirs ecologicos\" href=\"https:\/\/suenosdecostarica.com\/?page_id=506\"><img loading=\"lazy\" class=\"alignleft  wp-image-1200\" title=\"Artesania madera reusada costa rica\" alt=\"artesania_ecologica_costa_rica_madera_reusada\" src=\"https:\/\/suenosdecostarica.com\/wp-content\/uploads\/2015\/04\/artesania_ecologica_costa_rica_madera_reusada.jpg\" width=\"186\" height=\"34\" \/><\/a><a title=\"Artesania madera reusada costa rica : llaveros ecologicos\" href=\"https:\/\/suenosdecostarica.com\/?page_id=1229\"><img loading=\"lazy\" class=\"alignleft  wp-image-1206\" title=\"Artesania ecologica de madera reciclada costa rica\" alt=\"llaveros_ecologicos_madera_reciclada_costa_rica\" src=\"https:\/\/suenosdecostarica.com\/wp-content\/uploads\/2015\/04\/llaveros_ecologicos_madera_reciclada_costa_rica.jpg\" width=\"186\" height=\"34\" \/><\/a><\/strong><\/span><\/p>\n<p>&nbsp;<\/p>\n<p style=\"text-align: left;\"><span style=\"color: #333300;\"><strong><a href=\"https:\/\/suenosdecostarica.com\/wp-content\/uploads\/2014\/06\/algodon_organico_suenos_de_costa_rica.jpg\"><img loading=\"lazy\" class=\"alignnone size-full wp-image-217\" alt=\"algodon_organico_suenos_de_costa_rica\" src=\"https:\/\/suenosdecostarica.com\/wp-content\/uploads\/2014\/06\/algodon_organico_suenos_de_costa_rica.jpg\" width=\"600\" height=\"10\" srcset=\"https:\/\/suenosdecostarica.com\/wp-content\/uploads\/2014\/06\/algodon_organico_suenos_de_costa_rica.jpg 600w, https:\/\/suenosdecostarica.com\/wp-content\/uploads\/2014\/06\/algodon_organico_suenos_de_costa_rica-300x5.jpg 300w\" sizes=\"(max-width: 600px) 100vw, 600px\" \/><\/a><\/strong><\/span><\/p>\n<p style=\"text-align: left;\"><span style=\"color: #333300;\"><strong><a href=\"https:\/\/suenosdecostarica.com\/wp-content\/uploads\/2014\/01\/blog_toucan_algodon_organico.jpg\"><span style=\"color: #333300;\"><br \/>\n<img loading=\"lazy\" class=\"alignleft  wp-image-64\" alt=\"blog_toucan_algodon_organico\" src=\"https:\/\/suenosdecostarica.com\/wp-content\/uploads\/2014\/01\/blog_toucan_algodon_organico.jpg\" width=\"142\" height=\"138\" \/><\/span><\/a><\/strong>Somos una empresa radicada en Costa Rica, que ama a la madre tierra, es por ello que nos enfocamos en crear productos que sean amigables con el medio ambiente. Luego de varias investigaciones, nos dimos cuenta de todos los beneficios del uso del algod\u00f3n org\u00e1nico. Sus beneficios inician desde el trato amigable con la tierra y llegan hasta quienes usan ropa elaborada con el.<\/span><\/p>\n<div dir=\"ltr\">\n<div style=\"text-align: justify;\"><\/div>\n<p style=\"text-align: justify;\">Con el uso de prendas elaboradas con algod\u00f3n 100% org\u00e1nico, no solo usted colabora en beneficio del medio ambiente, sino tambi\u00e9n disfruta de la suavidad insuperable del algod\u00f3n org\u00e1nico al contacto con la piel, no se compara al algod\u00f3n tradicional. Adem\u00e1s,\u00a0tiene propiedades hipoalerg\u00e9nicas as\u00ed que puede ser usado por todos aquellos que tienen problemas con el uso de telas sint\u00e9ticas. Puedes encontrar m\u00e1s informaci\u00f3n sobre el algod\u00f3n org\u00e1nico en nuestra p\u00e1gina: <a title=\"Beneficios del algodon organico\" href=\"https:\/\/suenosdecostarica.com\/?page_id=75\">algod\u00f3n certificado 100% org\u00e1nico<\/a>.<\/p>\n<div style=\"text-align: justify;\"><a href=\"https:\/\/suenosdecostarica.com\/wp-content\/uploads\/2014\/01\/blog_algodon_organico_iguana.jpg\"><img loading=\"lazy\" class=\"alignright  wp-image-85\" alt=\"blog_algodon_organico_iguana\" src=\"https:\/\/suenosdecostarica.com\/wp-content\/uploads\/2014\/01\/blog_algodon_organico_iguana.jpg\" width=\"165\" height=\"159\" \/><\/a><\/div>\n<div style=\"text-align: justify;\"><\/div>\n<div style=\"text-align: justify;\">\n<p>Nuestras telas cuentan con la debida certificaci\u00f3n org\u00e1nica, extendida por IMO. Los dise\u00f1os usados en nuestros productos son exclusivos, se ha buscado plasmar en ellos la flora y la fauna de nuestra bella Costa Rica.<\/p>\n<p>Esperamos que disfruten de la calidad de nuestros productos, lo que es nuestro anhelo. Puede ponerse en contacto con nosotros para env\u00edos al extranjero.<\/p>\n<p>Sue\u00f1os de Costa Rica<br \/>\nOrg\u00e1nico y Ecol\u00f3gico<\/p>\n<p style=\"text-align: left;\">Por favor, <a title=\"prendas de algodon organico costa rica\" href=\"https:\/\/suenosdecostarica.com\/?page_id=90\">visita la p\u00e1gina de presentaci\u00f3n de nuestras prendas de algod\u00f3n org\u00e1nico<\/a> para mas informaci\u00f3n \u00e0 cerca de nuestra ropa ecol\u00f3gica y creativa.<\/p>\n<p><a href=\"https:\/\/suenosdecostarica.com\/wp-content\/uploads\/2014\/06\/prendas_algodon_organico_costa_rica.jpg\"><img loading=\"lazy\" class=\"alignleft size-large wp-image-441\" alt=\"prendas_algodon_organico_costa_rica\" src=\"https:\/\/suenosdecostarica.com\/wp-content\/uploads\/2014\/06\/prendas_algodon_organico_costa_rica-704x1024.jpg\" width=\"640\" height=\"930\" srcset=\"https:\/\/suenosdecostarica.com\/wp-content\/uploads\/2014\/06\/prendas_algodon_organico_costa_rica-704x1024.jpg 704w, https:\/\/suenosdecostarica.com\/wp-content\/uploads\/2014\/06\/prendas_algodon_organico_costa_rica-206x300.jpg 206w, https:\/\/suenosdecostarica.com\/wp-content\/uploads\/2014\/06\/prendas_algodon_organico_costa_rica.jpg 1600w\" sizes=\"(max-width: 640px) 100vw, 640px\" \/><\/a><\/p>\n<p style=\"text-align: left;\">Tambien dirigese a \u00a0nuestras paginas colecciones para descubrir nuestros dise\u00f1os exclusivos: \u00a0<a title=\"Coleccion &quot;Naturaleza Tica&quot;\" href=\"https:\/\/suenosdecostarica.com\/?page_id=173\">Coleccion &#8220;Naturaleza Tica&#8221;<\/a> y <a title=\"Coleccion &quot;Energia Espiritual&quot;\" href=\"https:\/\/suenosdecostarica.com\/?page_id=193\">Coleccion &#8220;Energia Espiritual&#8221;<\/a><\/p>\n<p style=\"text-align: left;\">\n<\/div>\n<\/div>\n","protected":false},"excerpt":{"rendered":"<p>Productos 100% naturales y ecol\u00f3gicos, hechos en Costa Rica Ropa creativa y ecol\u00f3gica de Algod\u00f3n Cerficado 100% org\u00e1nico Collares y Pulseras Japa Malas, de perlas y madera naturales Varillas de Inciensos y sahumerios naturales y artesanales Artesan\u00eda de madera reciclada &hellip; <a href=\"https:\/\/suenosdecostarica.com\/\">Continue reading <span class=\"meta-nav\">&rarr;<\/span><\/a><\/p>\n","protected":false},"author":2,"featured_media":0,"parent":0,"menu_order":0,"comment_status":"open","ping_status":"open","template":"","meta":[],"_links":{"self":[{"href":"https:\/\/suenosdecostarica.com\/index.php?rest_route=\/wp\/v2\/pages\/319"}],"collection":[{"href":"https:\/\/suenosdecostarica.com\/index.php?rest_route=\/wp\/v2\/pages"}],"about":[{"href":"https:\/\/suenosdecostarica.com\/index.php?rest_route=\/wp\/v2\/types\/page"}],"author":[{"embeddable":true,"href":"https:\/\/suenosdecostarica.com\/index.php?rest_route=\/wp\/v2\/users\/2"}],"replies":[{"embeddable":true,"href":"https:\/\/suenosdecostarica.com\/index.php?rest_route=%2Fwp%2Fv2%2Fcomments&post=319"}],"version-history":[{"count":21,"href":"https:\/\/suenosdecostarica.com\/index.php?rest_route=\/wp\/v2\/pages\/319\/revisions"}],"predecessor-version":[{"id":1294,"href":"https:\/\/suenosdecostarica.com\/index.php?rest_route=\/wp\/v2\/pages\/319\/revisions\/1294"}],"wp:attachment":[{"href":"https:\/\/suenosdecostarica.com\/index.php?rest_route=%2Fwp%2Fv2%2Fmedia&parent=319"}],"curies":[{"name":"wp","href":"https:\/\/api.w.org\/{rel}","templated":true}]}}