{"id":75,"date":"2014-02-08T21:10:50","date_gmt":"2014-02-08T21:10:50","guid":{"rendered":"http:\/\/www.suenosdecostarica.com\/?page_id=75"},"modified":"2014-02-08T21:11:10","modified_gmt":"2014-02-08T21:11:10","slug":"beneficios-del-algodon-organico","status":"publish","type":"page","link":"https:\/\/suenosdecostarica.com\/?page_id=75","title":{"rendered":"Beneficios del Algod\u00f3n Org\u00e1nico"},"content":{"rendered":"<h1 style=\"text-align: justify;\"><b style=\"color: #000000;\">El Algod\u00f3n<\/b><b style=\"color: #000000;\">\u00a0\u00a0<\/b><b style=\"color: #000000;\"><b>100%\u00a0Org\u00e1nico : Respetuoso del medio Ambiente y de la Tierra<\/b><\/b><\/h1>\n<div dir=\"ltr\" style=\"text-align: justify;\">\n<p><a href=\"https:\/\/suenosdecostarica.com\/wp-content\/uploads\/2014\/02\/algodon_organico_madre_tierra.jpg\"><img loading=\"lazy\" class=\"alignleft  wp-image-41\" alt=\"algodon_organico_madre_tierra\" src=\"https:\/\/suenosdecostarica.com\/wp-content\/uploads\/2014\/02\/algodon_organico_madre_tierra.jpg\" width=\"138\" height=\"132\" \/><\/a>El Algod\u00f3n Org\u00e1nico beneficia a nuestro medio ambiente y nuestra salud porque es cultivado en campos de tierra f\u00e9rtil y viva, libre de pesticidas, herbicidas y fertilizantes qu\u00edmicos sint\u00e9ticos, y es producido sin qu\u00edmicos t\u00f3xicos. Adem\u00e1s, la agricultura org\u00e1nica respeta los ciclos de la tierra, procurando con ello mantener un equilibrio y preservando la tierra para usos futuros.<\/p>\n<p>En el algod\u00f3n convencional se utilizan m\u00e1s del 10% de los pesticidas del mundo y cerca del 25% de los insecticidas mundiales. La confecci\u00f3n de una madeja de algod\u00f3n convencional usa m\u00e1s de un cuarto de kilo de qu\u00edmicos t\u00f3xicos. Luego para blanquearlo se usan cloro, per\u00f3xido de hidr\u00f3geno, dioxina y formaldeh\u00eddo entre muchos otros compuestos da\u00f1inos y, en fin, para te\u00f1irlo se usan metales pesados (cromo, cobre, zinc y niquel para la confecci\u00f3n de sus broches), todos estos altamente contaminantes y de comprobado da\u00f1o para la piel de las personas. Encima de uso de los pesticidas e insecticidas da\u00f1idos para la tierra, usados para producir el algod\u00f3n com\u00fan, todos \u00e9stos qu\u00edmicos usados en el proceso pasan a nuestra piel una y otra vez y luego de un largo recorrido, vuelven al agua y la tierra, provoc\u00e1ndole de nuevo da\u00f1os muchas veces irreversibles.<\/p>\n<p>En cambio en la ropa de algod\u00f3n org\u00e1nico no se utiliza ning\u00fan tipo de qu\u00edmico t\u00f3xico, s\u00f3lo m\u00e9todos naturales, para contribuir al buen estado del suelo, la salud de quienes trabajan la tierra, de todos nosotros y nuestro entorno.<\/p>\n<h1><b>Dulce para la Tierra, Suave en la piel y el Alma\u00a0<\/b><\/h1>\n<p><a href=\"https:\/\/suenosdecostarica.com\/wp-content\/uploads\/2014\/02\/algodon_organico_hipoalergico.jpg\"><img loading=\"lazy\" class=\"alignleft  wp-image-46\" alt=\"algodon_organico_hipoalergico\" src=\"https:\/\/suenosdecostarica.com\/wp-content\/uploads\/2014\/02\/algodon_organico_hipoalergico.jpg\" width=\"148\" height=\"143\" \/><\/a>Cada vez que usamos productos de algod\u00f3n org\u00e1nico, disminuimos la posibilidad de presentar reacciones al\u00e9rgicas gracias a sus propriedades hipoalerg\u00e9nicas. Nuestra piel respira mejor, se siente mejor y contribu\u00edmos al cuidado de nuestro ecosistema. M\u00e1s suave que el algod\u00f3n com\u00fan, el algod\u00f3n 100% org\u00e1nico , permite a la piel una mayor ventilaci\u00f3n y respiraci\u00f3n.<\/p>\n<p>Es ligero y fresco en verano, suave y confortable, sumamente c\u00f3modo para usar en contacto directo con la piel en invierno o para llevar de abrigo liviano en primavera o verano. Adem\u00e1s, se siente bien el saber que al usar productos de algod\u00f3n org\u00e1nico est\u00e1 contribuyendo al cuidado de las personas que ama y del Planeta en general.<\/p>\n<\/div>\n<p style=\"text-align: justify;\"><a href=\"https:\/\/suenosdecostarica.com\/wp-content\/uploads\/2014\/02\/control_imo_algodon_organico.jpg\"><img loading=\"lazy\" class=\"wp-image-22 alignright\" alt=\"control_imo_algodon_organico\" src=\"https:\/\/suenosdecostarica.com\/wp-content\/uploads\/2014\/02\/control_imo_algodon_organico.jpg\" width=\"160\" height=\"90\" \/><\/a><\/p>\n<p style=\"text-align: justify;\">A sue\u00f1os de Costa Rica,\u00a0todas nuestras telas estan Certificadas por control IMO (America, USA, Europa). \u00a0IMO es un\u00a0instituto dedicado al control del mercado Ecol\u00f3gico, reconocido al nivel internacional.<\/p>\n<p>&nbsp;<\/p>\n<p>Sue\u00f1os de Costa Rica<br \/>\nRopa Creativa y Ecol\u00f3gica Certificada 100% Algod\u00f3n Org\u00e1nico<\/p>\n<p style=\"text-align: left;\">El Sabado 8 de febrero 2014<\/p>\n<p style=\"text-align: left;\"><a href=\"https:\/\/suenosdecostarica.com\/wp-content\/uploads\/2014\/02\/algodon_certifado_organico.jpg\"><img loading=\"lazy\" class=\"alignleft size-full wp-image-18\" alt=\"algodon_certifado_organico\" src=\"https:\/\/suenosdecostarica.com\/wp-content\/uploads\/2014\/02\/algodon_certifado_organico.jpg\" width=\"581\" height=\"294\" srcset=\"https:\/\/suenosdecostarica.com\/wp-content\/uploads\/2014\/02\/algodon_certifado_organico.jpg 581w, https:\/\/suenosdecostarica.com\/wp-content\/uploads\/2014\/02\/algodon_certifado_organico-300x151.jpg 300w, https:\/\/suenosdecostarica.com\/wp-content\/uploads\/2014\/02\/algodon_certifado_organico-500x253.jpg 500w\" sizes=\"(max-width: 581px) 100vw, 581px\" \/><\/a><\/p>\n<p style=\"text-align: justify;\">Tomado de : http:\/\/organicsa.net\/algodon-100-organico-beneficios-de-su-uso.html<\/p>\n","protected":false},"excerpt":{"rendered":"<p>El Algod\u00f3n\u00a0\u00a0100%\u00a0Org\u00e1nico : Respetuoso del medio Ambiente y de la Tierra El Algod\u00f3n Org\u00e1nico beneficia a nuestro medio ambiente y nuestra salud porque es cultivado en campos de tierra f\u00e9rtil y viva, libre de pesticidas, herbicidas y fertilizantes qu\u00edmicos sint\u00e9ticos, &hellip; <a href=\"https:\/\/suenosdecostarica.com\/?page_id=75\">Continue reading <span class=\"meta-nav\">&rarr;<\/span><\/a><\/p>\n","protected":false},"author":2,"featured_media":0,"parent":0,"menu_order":0,"comment_status":"open","ping_status":"open","template":"","meta":[],"_links":{"self":[{"href":"https:\/\/suenosdecostarica.com\/index.php?rest_route=\/wp\/v2\/pages\/75"}],"collection":[{"href":"https:\/\/suenosdecostarica.com\/index.php?rest_route=\/wp\/v2\/pages"}],"about":[{"href":"https:\/\/suenosdecostarica.com\/index.php?rest_route=\/wp\/v2\/types\/page"}],"author":[{"embeddable":true,"href":"https:\/\/suenosdecostarica.com\/index.php?rest_route=\/wp\/v2\/users\/2"}],"replies":[{"embeddable":true,"href":"https:\/\/suenosdecostarica.com\/index.php?rest_route=%2Fwp%2Fv2%2Fcomments&post=75"}],"version-history":[{"count":1,"href":"https:\/\/suenosdecostarica.com\/index.php?rest_route=\/wp\/v2\/pages\/75\/revisions"}],"predecessor-version":[{"id":76,"href":"https:\/\/suenosdecostarica.com\/index.php?rest_route=\/wp\/v2\/pages\/75\/revisions\/76"}],"wp:attachment":[{"href":"https:\/\/suenosdecostarica.com\/index.php?rest_route=%2Fwp%2Fv2%2Fmedia&parent=75"}],"curies":[{"name":"wp","href":"https:\/\/api.w.org\/{rel}","templated":true}]}}