{"id":783,"date":"2014-12-10T21:06:51","date_gmt":"2014-12-10T21:06:51","guid":{"rendered":"http:\/\/www.suenosdecostarica.com\/?page_id=783"},"modified":"2017-01-27T06:19:56","modified_gmt":"2017-01-27T06:19:56","slug":"camisetas-de-algodon-organico","status":"publish","type":"page","link":"https:\/\/suenosdecostarica.com\/?page_id=783","title":{"rendered":"Venta al por mayor"},"content":{"rendered":"<h1 style=\"text-align: justify;\">Ofertas \u00a0Mayoristas y venta al por mayor<\/h1>\n<p style=\"text-align: justify;\"><span style=\"font-size: 16px;\"><a href=\"https:\/\/suenosdecostarica.com\/wp-content\/uploads\/2014\/06\/algodon_organico_mayorista_tienda.jpg\"><img loading=\"lazy\" class=\"alignleft  wp-image-294\" alt=\"algodon_organico_mayorista_tienda\" src=\"https:\/\/suenosdecostarica.com\/wp-content\/uploads\/2014\/06\/algodon_organico_mayorista_tienda-300x260.jpg\" width=\"240\" height=\"208\" srcset=\"https:\/\/suenosdecostarica.com\/wp-content\/uploads\/2014\/06\/algodon_organico_mayorista_tienda-300x260.jpg 300w, https:\/\/suenosdecostarica.com\/wp-content\/uploads\/2014\/06\/algodon_organico_mayorista_tienda.jpg 803w\" sizes=\"(max-width: 240px) 100vw, 240px\" \/><\/a>Para su tienda, su hotel o su espacio de venta, tenemos el placer de ofrecerle todos nuestros productos ecol\u00f3gicos con ofertas especiales. Tambi\u00e9n con la idea de facilitar la distribuci\u00f3n, le facilitamos herramientas de comunicaci\u00f3n y de presentaci\u00f3n en varios idiomas.<\/span><\/p>\n<p style=\"text-align: justify;\"><span style=\"font-size: 16px;\">Le dejamos descubrir abajo toda nuestra oferta y nos quedamos a su disposici\u00f3n para cualquier pregunta que podr\u00eda tener.\u00a0<\/span><\/p>\n<h2>Las Camisetas de Algod\u00f3n Org\u00e1nico al por mayor<span style=\"font-size: 16px;\">\u00a0<\/span><\/h2>\n<h1>Tiendas de Souvenirs, de ropa, de hoteles, o tiendas verdes y hol\u00edsticas o de yoga<\/h1>\n<p style=\"text-align: justify;\">Si tienen una tienda, sea tienda de souvenirs o en hotel, de ropa, o tienda verde y hol\u00edstica, o si desean simplemente distribuir nuestra ropa para eventos, en ferias, o cualquier otra ocasi\u00f3n, les ofrecemos tratos y precio especial de mayorista.<\/p>\n<p style=\"text-align: justify;\">Por favor consulte las p\u00e1ginas coleciones para encontrar la m\u00e1s adaptada a su proyecto y su tipo de clientela.\u00a0Le proponemos la distribuci\u00f3n de cualquiera de las dos:\u00a0<a title=\"Coleccion &quot;Naturaleza Tica&quot;\" href=\"https:\/\/suenosdecostarica.com\/?page_id=173\">Colecci\u00f3n &#8220;Naturaleza Tica&#8221;<\/a>\u00a0y\u00a0<a title=\"Coleccion &quot;Energia Espiritual&quot;\" href=\"https:\/\/suenosdecostarica.com\/?page_id=193\">Colecci\u00f3n &#8220;Energ\u00eda Espiritual&#8221;<\/a><\/p>\n<h2><\/h2>\n<h2>Las Cartas Plastificadas en 3 idiomas<\/h2>\n<p>Pueden ser pegadas en una vitrina, o en cualquier lugar visible en su tienda.<\/p>\n<p><a href=\"https:\/\/suenosdecostarica.com\/wp-content\/uploads\/2014\/06\/mayorista_algodon_organico_herramienta.jpg\"><img loading=\"lazy\" class=\"alignleft size-large wp-image-296\" alt=\"mayorista_algodon_organico_herramienta\" src=\"https:\/\/suenosdecostarica.com\/wp-content\/uploads\/2014\/06\/mayorista_algodon_organico_herramienta-1024x405.jpg\" width=\"640\" height=\"253\" srcset=\"https:\/\/suenosdecostarica.com\/wp-content\/uploads\/2014\/06\/mayorista_algodon_organico_herramienta-1024x405.jpg 1024w, https:\/\/suenosdecostarica.com\/wp-content\/uploads\/2014\/06\/mayorista_algodon_organico_herramienta-300x118.jpg 300w, https:\/\/suenosdecostarica.com\/wp-content\/uploads\/2014\/06\/mayorista_algodon_organico_herramienta.jpg 1200w\" sizes=\"(max-width: 640px) 100vw, 640px\" \/><\/a><\/p>\n<p>&nbsp;<\/p>\n<p><a href=\"https:\/\/suenosdecostarica.com\/wp-content\/uploads\/2014\/06\/algodon_organico_mayorista_tienda.jpg\"><img loading=\"lazy\" class=\"wp-image-294 alignleft\" alt=\"algodon_organico_mayorista_tienda\" src=\"https:\/\/suenosdecostarica.com\/wp-content\/uploads\/2014\/06\/algodon_organico_mayorista_tienda.jpg\" width=\"617\" height=\"535\" srcset=\"https:\/\/suenosdecostarica.com\/wp-content\/uploads\/2014\/06\/algodon_organico_mayorista_tienda.jpg 803w, https:\/\/suenosdecostarica.com\/wp-content\/uploads\/2014\/06\/algodon_organico_mayorista_tienda-300x260.jpg 300w\" sizes=\"(max-width: 617px) 100vw, 617px\" \/><\/a><\/p>\n<h2><\/h2>\n<p>Por favor no dude en <a title=\"contactarnos por telefono o por correo electronico \" href=\"https:\/\/suenosdecostarica.com\/?page_id=2\">contactarnos por correo electr\u00f3nico o por tel\u00e9fono<\/a> para saber m\u00e1s de las condiciones de distribuci\u00f3n o para cualquier detalle que le gustar\u00eda conocer. Nos deplazamos en todo el pa\u00eds y podemos visitarlo o entregarle en cualquier momento.<\/p>\n<p style=\"text-align: center;\">\u00a0<a href=\"https:\/\/suenosdecostarica.com\/wp-content\/uploads\/2014\/06\/algodon_organico_suenos_de_costa_rica.jpg\"><img loading=\"lazy\" class=\"aligncenter  wp-image-217\" alt=\"algodon_organico_suenos_de_costa_rica\" src=\"https:\/\/suenosdecostarica.com\/wp-content\/uploads\/2014\/06\/algodon_organico_suenos_de_costa_rica.jpg\" width=\"420\" height=\"7\" srcset=\"https:\/\/suenosdecostarica.com\/wp-content\/uploads\/2014\/06\/algodon_organico_suenos_de_costa_rica.jpg 600w, https:\/\/suenosdecostarica.com\/wp-content\/uploads\/2014\/06\/algodon_organico_suenos_de_costa_rica-300x5.jpg 300w\" sizes=\"(max-width: 420px) 100vw, 420px\" \/><\/a><\/p>\n<h1 style=\"text-align: justify;\"><\/h1>\n<h2 style=\"text-align: justify;\"><span style=\"color: #000000; font-size: 1.8em; line-height: 1.5em;\">Otros productos naturales y ecol\u00f3gicos de sue\u00f1os de Costa Rica<\/span><\/h2>\n<p>A partir de ahora, adem\u00e1s de nuestra ropa ecol\u00f3gica y org\u00e1nica, tenemos el placer de ofrecerle una nueva gama de productos y de artesan\u00eda ecol\u00f3gica de madera reciclada.\u00a0Fieles a la la filosof\u00eda de la empresa, toda esta gama de productos esta hecha de materiales ecol\u00f3gicos y naturales.<\/p>\n<h2><a title=\"Separadores de libros ecol\u00f3gicos\" href=\"https:\/\/suenosdecostarica.com\/?page_id=786\">Los Separadores de libro ecol\u00f3gicos pintados a mano<\/a><\/h2>\n<h2><a title=\"Magnetos ecol\u00f3gicos pintados a mano\" href=\"https:\/\/suenosdecostarica.com\/?page_id=506\">Los Magnetos y juguetes de ni\u00f1os de madera reciclada<\/a><\/h2>\n<h2><a title=\"Llaveros ecologicos : artesania ecologica de madera reciclada\" href=\"https:\/\/suenosdecostarica.com\/?page_id=1229\">Los llaveros ecologicos de madera reciclada<\/a><\/h2>\n<h2><a title=\"Japa mala : yoga y meditacion novedades costa rica\" href=\"https:\/\/suenosdecostarica.com\/?page_id=1111\">Los Japa Malas, collares y pulseras especial yoga y meditaci\u00f3n<\/a><\/h2>\n<p>Otra vez,\u00a0<a title=\"contacto algod\u00f3n org\u00e1nico y artesan\u00eda ecol\u00f3gica costa rica\" href=\"https:\/\/suenosdecostarica.com\/?page_id=2\" target=\"_blank\">no dude en contactarnos<\/a>\u00a0para cualquier pregunta acerca de nuestros precios y condiciones. Estamos aqu\u00ed para servirle.<\/p>\n<p>Muchas gracias.<\/p>\n<p><a>Sue\u00f1os de Costa Rica<br \/>\n<\/a><a>Ropa creativa y ecol\u00f3gica de algod\u00f3n org\u00e1nico certificado y\u00a0Artesan\u00eda ecol\u00f3gica<\/a><\/p>\n","protected":false},"excerpt":{"rendered":"<p>Ofertas \u00a0Mayoristas y venta al por mayor Para su tienda, su hotel o su espacio de venta, tenemos el placer de ofrecerle todos nuestros productos ecol\u00f3gicos con ofertas especiales. Tambi\u00e9n con la idea de facilitar la distribuci\u00f3n, le facilitamos herramientas &hellip; <a href=\"https:\/\/suenosdecostarica.com\/?page_id=783\">Continue reading <span class=\"meta-nav\">&rarr;<\/span><\/a><\/p>\n","protected":false},"author":2,"featured_media":0,"parent":0,"menu_order":0,"comment_status":"open","ping_status":"open","template":"","meta":[],"_links":{"self":[{"href":"https:\/\/suenosdecostarica.com\/index.php?rest_route=\/wp\/v2\/pages\/783"}],"collection":[{"href":"https:\/\/suenosdecostarica.com\/index.php?rest_route=\/wp\/v2\/pages"}],"about":[{"href":"https:\/\/suenosdecostarica.com\/index.php?rest_route=\/wp\/v2\/types\/page"}],"author":[{"embeddable":true,"href":"https:\/\/suenosdecostarica.com\/index.php?rest_route=\/wp\/v2\/users\/2"}],"replies":[{"embeddable":true,"href":"https:\/\/suenosdecostarica.com\/index.php?rest_route=%2Fwp%2Fv2%2Fcomments&post=783"}],"version-history":[{"count":5,"href":"https:\/\/suenosdecostarica.com\/index.php?rest_route=\/wp\/v2\/pages\/783\/revisions"}],"predecessor-version":[{"id":1522,"href":"https:\/\/suenosdecostarica.com\/index.php?rest_route=\/wp\/v2\/pages\/783\/revisions\/1522"}],"wp:attachment":[{"href":"https:\/\/suenosdecostarica.com\/index.php?rest_route=%2Fwp%2Fv2%2Fmedia&parent=783"}],"curies":[{"name":"wp","href":"https:\/\/api.w.org\/{rel}","templated":true}]}}