{"id":90,"date":"2014-02-08T22:56:13","date_gmt":"2014-02-08T22:56:13","guid":{"rendered":"http:\/\/www.suenosdecostarica.com\/?page_id=90"},"modified":"2017-08-26T19:21:13","modified_gmt":"2017-08-26T19:21:13","slug":"nuestras-prendas-de-algodon-organico","status":"publish","type":"page","link":"https:\/\/suenosdecostarica.com\/?page_id=90","title":{"rendered":"Nuestras Prendas de Algod\u00f3n Certificado 100% Org\u00e1nico"},"content":{"rendered":"<p style=\"text-align: justify;\">Tenemos el placer de ofrecerle una amplia gama de camisetas con\u00a0corte especial para Mujeres y para Hombres, todas certificadas 100% de algod\u00f3n org\u00e1nico por control IMO.<\/p>\n<p style=\"text-align: justify;\">Proponemos todas nuestras prendas en dos colores. El color natural al no ser te\u00f1ido viene con una sombra linda de marfil que le da un aspecto \u00fanico. El caf\u00e9 resale muy natural y las tintas usadas para \u00e9ste color son 100% ecol\u00f3gicas.<\/p>\n<p style=\"text-align: justify;\">Aqu\u00ed les presentamos los modelos, vienen sin dise\u00f1o pero tambi\u00e9n desarollamos colecciones \u00fanicas.\u00a0Les proponemos dos coleccionnes con nuestras camisetas de algodon organico, Cada una viene con dise\u00f1os exclusivos. La primera se llama &#8220;energia espiritual&#8221; y se dedica a symbolos y artes acerca de varias formas de espiritualidad. La otras se dedica a la naturaleza costariquense y su belleza.<\/p>\n<h2>Las camisetas de manga corta<span style=\"font-size: 16px;\">\u00a0<\/span><\/h2>\n<h1><span style=\"font-size: 16px;\"><a href=\"https:\/\/suenosdecostarica.com\/wp-content\/uploads\/2014\/02\/algodon_organico_manga_corta_mujer.jpg\"><img loading=\"lazy\" class=\"wp-image-165 alignnone\" alt=\"algodon_organico_manga_corta_mujer\" src=\"https:\/\/suenosdecostarica.com\/wp-content\/uploads\/2014\/02\/algodon_organico_manga_corta_mujer.jpg\" width=\"246\" height=\"166\" srcset=\"https:\/\/suenosdecostarica.com\/wp-content\/uploads\/2014\/02\/algodon_organico_manga_corta_mujer.jpg 800w, https:\/\/suenosdecostarica.com\/wp-content\/uploads\/2014\/02\/algodon_organico_manga_corta_mujer-300x202.jpg 300w, https:\/\/suenosdecostarica.com\/wp-content\/uploads\/2014\/02\/algodon_organico_manga_corta_mujer-445x300.jpg 445w\" sizes=\"(max-width: 246px) 100vw, 246px\" \/><\/a><\/span><\/h1>\n<h1><\/h1>\n<p><a href=\"https:\/\/suenosdecostarica.com\/wp-content\/uploads\/2014\/02\/camiseta_algodon_organico_costa_rica_mujer_con_manga.jpg\"><img loading=\"lazy\" class=\"alignnone size-large wp-image-876\" alt=\"camiseta_algodon_organico_costa_rica_mujer_con_manga\" src=\"https:\/\/suenosdecostarica.com\/wp-content\/uploads\/2014\/02\/camiseta_algodon_organico_costa_rica_mujer_con_manga-1024x518.jpg\" width=\"640\" height=\"323\" srcset=\"https:\/\/suenosdecostarica.com\/wp-content\/uploads\/2014\/02\/camiseta_algodon_organico_costa_rica_mujer_con_manga-1024x518.jpg 1024w, https:\/\/suenosdecostarica.com\/wp-content\/uploads\/2014\/02\/camiseta_algodon_organico_costa_rica_mujer_con_manga-300x151.jpg 300w, https:\/\/suenosdecostarica.com\/wp-content\/uploads\/2014\/02\/camiseta_algodon_organico_costa_rica_mujer_con_manga.jpg 1186w\" sizes=\"(max-width: 640px) 100vw, 640px\" \/><\/a><\/p>\n<h1><\/h1>\n<h1><a style=\"font-size: 16px;\" href=\"https:\/\/suenosdecostarica.com\/wp-content\/uploads\/2014\/06\/algodon_organico_manga_corta_hombre.jpg\"><img loading=\"lazy\" class=\"wp-image-142 alignnone\" alt=\"algodon_organico_manga_corta_hombre\" src=\"https:\/\/suenosdecostarica.com\/wp-content\/uploads\/2014\/06\/algodon_organico_manga_corta_hombre.jpg\" width=\"246\" height=\"166\" srcset=\"https:\/\/suenosdecostarica.com\/wp-content\/uploads\/2014\/06\/algodon_organico_manga_corta_hombre.jpg 800w, https:\/\/suenosdecostarica.com\/wp-content\/uploads\/2014\/06\/algodon_organico_manga_corta_hombre-300x202.jpg 300w, https:\/\/suenosdecostarica.com\/wp-content\/uploads\/2014\/06\/algodon_organico_manga_corta_hombre-445x300.jpg 445w\" sizes=\"(max-width: 246px) 100vw, 246px\" \/><\/a><\/h1>\n<h1><a style=\"font-size: 16px;\" href=\"https:\/\/suenosdecostarica.com\/wp-content\/uploads\/2014\/08\/camiseta_algodon_organico_costa_rica_hombre_002.jpg\"><img loading=\"lazy\" class=\"alignleft size-large wp-image-428\" alt=\"camiseta_algodon_organico_costa_rica_hombre_002\" src=\"https:\/\/suenosdecostarica.com\/wp-content\/uploads\/2014\/08\/camiseta_algodon_organico_costa_rica_hombre_002-1024x493.jpg\" width=\"640\" height=\"308\" srcset=\"https:\/\/suenosdecostarica.com\/wp-content\/uploads\/2014\/08\/camiseta_algodon_organico_costa_rica_hombre_002-1024x493.jpg 1024w, https:\/\/suenosdecostarica.com\/wp-content\/uploads\/2014\/08\/camiseta_algodon_organico_costa_rica_hombre_002-300x144.jpg 300w, https:\/\/suenosdecostarica.com\/wp-content\/uploads\/2014\/08\/camiseta_algodon_organico_costa_rica_hombre_002.jpg 1245w\" sizes=\"(max-width: 640px) 100vw, 640px\" \/><\/a><\/h1>\n<h2><\/h2>\n<h2><\/h2>\n<h2><\/h2>\n<h2><\/h2>\n<h2><\/h2>\n<h2><span style=\"font-size: 16px;\">\u00a0<\/span><\/h2>\n<h2>Las camisetas sin mangas<\/h2>\n<p><a href=\"https:\/\/suenosdecostarica.com\/wp-content\/uploads\/2014\/06\/algodon_organico_modelo_mariposa_mujer.jpg\"><img loading=\"lazy\" class=\"wp-image-146 alignnone\" alt=\"algodon_organico_modelo_mariposa_mujer\" src=\"https:\/\/suenosdecostarica.com\/wp-content\/uploads\/2014\/06\/algodon_organico_modelo_mariposa_mujer.jpg\" width=\"246\" height=\"166\" srcset=\"https:\/\/suenosdecostarica.com\/wp-content\/uploads\/2014\/06\/algodon_organico_modelo_mariposa_mujer.jpg 800w, https:\/\/suenosdecostarica.com\/wp-content\/uploads\/2014\/06\/algodon_organico_modelo_mariposa_mujer-300x202.jpg 300w, https:\/\/suenosdecostarica.com\/wp-content\/uploads\/2014\/06\/algodon_organico_modelo_mariposa_mujer-445x300.jpg 445w\" sizes=\"(max-width: 246px) 100vw, 246px\" \/><\/a><\/p>\n<p><a href=\"https:\/\/suenosdecostarica.com\/wp-content\/uploads\/2014\/12\/camiseta_algodon_organico_costa_rica_mujer_sin_manga.jpg\"><img loading=\"lazy\" class=\"alignnone size-large wp-image-873\" alt=\"camiseta_algodon_organico_costa_rica_mujer_sin_manga\" src=\"https:\/\/suenosdecostarica.com\/wp-content\/uploads\/2014\/12\/camiseta_algodon_organico_costa_rica_mujer_sin_manga-1024x361.jpg\" width=\"640\" height=\"225\" srcset=\"https:\/\/suenosdecostarica.com\/wp-content\/uploads\/2014\/12\/camiseta_algodon_organico_costa_rica_mujer_sin_manga-1024x361.jpg 1024w, https:\/\/suenosdecostarica.com\/wp-content\/uploads\/2014\/12\/camiseta_algodon_organico_costa_rica_mujer_sin_manga-300x105.jpg 300w, https:\/\/suenosdecostarica.com\/wp-content\/uploads\/2014\/12\/camiseta_algodon_organico_costa_rica_mujer_sin_manga.jpg 1700w\" sizes=\"(max-width: 640px) 100vw, 640px\" \/><\/a><\/p>\n<p><a href=\"https:\/\/suenosdecostarica.com\/wp-content\/uploads\/2014\/02\/algodon_organico_modelo_tirantes_mujer.jpg\"><img loading=\"lazy\" class=\"wp-image-163 alignnone\" alt=\"algodon_organico_modelo_tirantes_mujer\" src=\"https:\/\/suenosdecostarica.com\/wp-content\/uploads\/2014\/02\/algodon_organico_modelo_tirantes_mujer.jpg\" width=\"246\" height=\"166\" srcset=\"https:\/\/suenosdecostarica.com\/wp-content\/uploads\/2014\/02\/algodon_organico_modelo_tirantes_mujer.jpg 800w, https:\/\/suenosdecostarica.com\/wp-content\/uploads\/2014\/02\/algodon_organico_modelo_tirantes_mujer-300x202.jpg 300w, https:\/\/suenosdecostarica.com\/wp-content\/uploads\/2014\/02\/algodon_organico_modelo_tirantes_mujer-445x300.jpg 445w\" sizes=\"(max-width: 246px) 100vw, 246px\" \/><\/a><\/p>\n<h1><a style=\"font-size: 16px;\" href=\"https:\/\/suenosdecostarica.com\/wp-content\/uploads\/2014\/08\/camiseta_algodon_organico_costa_rica_mujer_tirantes.jpg\"><img loading=\"lazy\" class=\"alignleft size-large wp-image-431\" alt=\"camiseta_algodon_organico_costa_rica_mujer_tirantes\" src=\"https:\/\/suenosdecostarica.com\/wp-content\/uploads\/2014\/08\/camiseta_algodon_organico_costa_rica_mujer_tirantes-1024x467.jpg\" width=\"640\" height=\"291\" srcset=\"https:\/\/suenosdecostarica.com\/wp-content\/uploads\/2014\/08\/camiseta_algodon_organico_costa_rica_mujer_tirantes-1024x467.jpg 1024w, https:\/\/suenosdecostarica.com\/wp-content\/uploads\/2014\/08\/camiseta_algodon_organico_costa_rica_mujer_tirantes-300x136.jpg 300w, https:\/\/suenosdecostarica.com\/wp-content\/uploads\/2014\/08\/camiseta_algodon_organico_costa_rica_mujer_tirantes.jpg 1315w\" sizes=\"(max-width: 640px) 100vw, 640px\" \/><\/a><\/h1>\n<h1><\/h1>\n<p><a style=\"font-size: 2.4em;\" href=\"https:\/\/suenosdecostarica.com\/wp-content\/uploads\/2014\/06\/algodon_organico_sin_manga_hombre.jpg\"><img loading=\"lazy\" class=\"wp-image-147 alignnone\" alt=\"algodon_organico_sin_manga_hombre\" src=\"https:\/\/suenosdecostarica.com\/wp-content\/uploads\/2014\/06\/algodon_organico_sin_manga_hombre.jpg\" width=\"246\" height=\"166\" srcset=\"https:\/\/suenosdecostarica.com\/wp-content\/uploads\/2014\/06\/algodon_organico_sin_manga_hombre.jpg 800w, https:\/\/suenosdecostarica.com\/wp-content\/uploads\/2014\/06\/algodon_organico_sin_manga_hombre-300x202.jpg 300w, https:\/\/suenosdecostarica.com\/wp-content\/uploads\/2014\/06\/algodon_organico_sin_manga_hombre-445x300.jpg 445w\" sizes=\"(max-width: 246px) 100vw, 246px\" \/><\/a><\/p>\n<h1><a style=\"font-size: 16px;\" href=\"https:\/\/suenosdecostarica.com\/wp-content\/uploads\/2014\/08\/camiseta_algodon_organico_costa_rica_hombre.jpg\"><img loading=\"lazy\" class=\"alignleft size-large wp-image-427\" alt=\"camiseta_algodon_organico_costa_rica_hombre\" src=\"https:\/\/suenosdecostarica.com\/wp-content\/uploads\/2014\/08\/camiseta_algodon_organico_costa_rica_hombre-1024x410.jpg\" width=\"640\" height=\"256\" srcset=\"https:\/\/suenosdecostarica.com\/wp-content\/uploads\/2014\/08\/camiseta_algodon_organico_costa_rica_hombre-1024x410.jpg 1024w, https:\/\/suenosdecostarica.com\/wp-content\/uploads\/2014\/08\/camiseta_algodon_organico_costa_rica_hombre-300x120.jpg 300w, https:\/\/suenosdecostarica.com\/wp-content\/uploads\/2014\/08\/camiseta_algodon_organico_costa_rica_hombre.jpg 1498w\" sizes=\"(max-width: 640px) 100vw, 640px\" \/><\/a><\/h1>\n<h1><\/h1>\n<h2><\/h2>\n<h2><\/h2>\n<h2><\/h2>\n<h2><\/h2>\n<h2><\/h2>\n<p style=\"text-align: center;\"><a href=\"https:\/\/suenosdecostarica.com\/wp-content\/uploads\/2014\/06\/algodon_organico_suenos_de_costa_rica.jpg\"><img loading=\"lazy\" class=\"size-medium wp-image-217 aligncenter\" alt=\"algodon_organico_suenos_de_costa_rica\" src=\"https:\/\/suenosdecostarica.com\/wp-content\/uploads\/2014\/06\/algodon_organico_suenos_de_costa_rica-300x5.jpg\" width=\"300\" height=\"5\" srcset=\"https:\/\/suenosdecostarica.com\/wp-content\/uploads\/2014\/06\/algodon_organico_suenos_de_costa_rica-300x5.jpg 300w, https:\/\/suenosdecostarica.com\/wp-content\/uploads\/2014\/06\/algodon_organico_suenos_de_costa_rica.jpg 600w\" sizes=\"(max-width: 300px) 100vw, 300px\" \/><\/a><\/p>\n<h2>Las colecciones con dise\u00f1os exclusivos<\/h2>\n<p>Por favor, mire la pagina colecci\u00f3n para descubrir nuestros artes esclusivos. De momento les proponemos dos colecciones exclusivas :\u00a0<a title=\"Coleccion &quot;Naturaleza Tica&quot;\" href=\"https:\/\/suenosdecostarica.com\/?page_id=173\">Colecci\u00f3n &#8220;Naturaleza Tica&#8221;<\/a>\u00a0y\u00a0<a title=\"Coleccion &quot;Energia Espiritual&quot;\" href=\"https:\/\/suenosdecostarica.com\/?page_id=193\">Colecci\u00f3n &#8220;Energ\u00eda Espiritual&#8221;<\/a><\/p>\n<p style=\"text-align: center;\"><a href=\"https:\/\/suenosdecostarica.com\/wp-content\/uploads\/2014\/06\/algodon_organico_suenos_de_costa_rica.jpg\"><img loading=\"lazy\" class=\"aligncenter\" alt=\"algodon_organico_suenos_de_costa_rica\" src=\"https:\/\/suenosdecostarica.com\/wp-content\/uploads\/2014\/06\/algodon_organico_suenos_de_costa_rica-300x5.jpg\" width=\"300\" height=\"5\" \/><\/a><\/p>\n<h2>Venta al mayor y ofertas especiales<\/h2>\n<p style=\"text-align: justify;\">Ofrecemos precios de mayorista para tiendas de ropa, tiendas\u00a0de souvenirs, de playa,\u00a0o tiendas verdes que quieran distribuir nuestras ropas org\u00e1nicas y ecol\u00f3gicas, <a title=\"contacto algodon organico costa rica\" href=\"https:\/\/suenosdecostarica.com\/?page_id=2\">cont\u00e1ctenos por tel\u00e9fono o por correo electr<\/a><a title=\"contacto camisetas algodon organico costa rica\" href=\"https:\/\/suenosdecostarica.com\/?page_id=2\">\u00f3<\/a>nico\u00a0. Por favor, no duden ponerse en contacto con nosotros para m\u00e1s informaci\u00f3n.<\/p>\n<p style=\"text-align: center;\"><a href=\"https:\/\/suenosdecostarica.com\/wp-content\/uploads\/2014\/06\/algodon_organico_suenos_de_costa_rica.jpg\"><img loading=\"lazy\" class=\"aligncenter\" alt=\"algodon_organico_suenos_de_costa_rica\" src=\"https:\/\/suenosdecostarica.com\/wp-content\/uploads\/2014\/06\/algodon_organico_suenos_de_costa_rica-300x5.jpg\" width=\"300\" height=\"5\" \/><\/a><\/p>\n<h2>Para conseguir nuestras prendas en Costa Rica y en el extranjero.<\/h2>\n<p>No duden en\u00a0<a title=\"contacto camisetas algodon organico costa rica\" href=\"https:\/\/suenosdecostarica.com\/?page_id=2\">contactarnos por t\u00e9lefono o correo electr\u00f3nico<\/a>\u00a0para saber m\u00e1s sobre nuestros puntos de distribuci\u00f3n..<\/p>\n<p><a href=\"https:\/\/suenosdecostarica.com\/wp-content\/uploads\/2014\/06\/algodon_organico_suenos_de_costa_rica.jpg\"><img loading=\"lazy\" class=\"aligncenter size-medium wp-image-217\" alt=\"algodon_organico_suenos_de_costa_rica\" src=\"https:\/\/suenosdecostarica.com\/wp-content\/uploads\/2014\/06\/algodon_organico_suenos_de_costa_rica-300x5.jpg\" width=\"300\" height=\"5\" srcset=\"https:\/\/suenosdecostarica.com\/wp-content\/uploads\/2014\/06\/algodon_organico_suenos_de_costa_rica-300x5.jpg 300w, https:\/\/suenosdecostarica.com\/wp-content\/uploads\/2014\/06\/algodon_organico_suenos_de_costa_rica.jpg 600w\" sizes=\"(max-width: 300px) 100vw, 300px\" \/><\/a><\/p>\n<h2>100% Algod\u00f3n Org\u00e1nico Respetuoso del medio Ambiente<\/h2>\n<p style=\"text-align: justify;\">El algod\u00f3n org\u00e1nico. no est\u00e1 modificado gen\u00e9ticamente, crece de forma natural sin pesticidas o fertilizantes qu\u00edmicos, y no usa tintes t\u00f3xicos, lo cual significa que respeta el planeta, no da\u00f1a el agua subterr\u00e1nea, y contin\u00faa con la fertilidad natural de la tierra. Como todo producto org\u00e1nico requiere de una certificaci\u00f3n, sino es considerado solamente como \u201cnatural\u201d.<\/p>\n<p style=\"text-align: justify;\"><a href=\"https:\/\/suenosdecostarica.com\/wp-content\/uploads\/2014\/02\/control_imo_algodon_organico.jpg\"><img loading=\"lazy\" class=\"alignleft  wp-image-22\" alt=\"control_imo_algodon_organico\" src=\"https:\/\/suenosdecostarica.com\/wp-content\/uploads\/2014\/02\/control_imo_algodon_organico.jpg\" width=\"120\" height=\"68\" \/><\/a> Todas nuestras prendas est\u00e1n Certificadas por control IMO (Am\u00e9rica, USA y Europa)<\/p>\n","protected":false},"excerpt":{"rendered":"<p>Tenemos el placer de ofrecerle una amplia gama de camisetas con\u00a0corte especial para Mujeres y para Hombres, todas certificadas 100% de algod\u00f3n org\u00e1nico por control IMO. Proponemos todas nuestras prendas en dos colores. El color natural al no ser te\u00f1ido &hellip; <a href=\"https:\/\/suenosdecostarica.com\/?page_id=90\">Continue reading <span class=\"meta-nav\">&rarr;<\/span><\/a><\/p>\n","protected":false},"author":2,"featured_media":0,"parent":0,"menu_order":0,"comment_status":"open","ping_status":"open","template":"","meta":[],"_links":{"self":[{"href":"https:\/\/suenosdecostarica.com\/index.php?rest_route=\/wp\/v2\/pages\/90"}],"collection":[{"href":"https:\/\/suenosdecostarica.com\/index.php?rest_route=\/wp\/v2\/pages"}],"about":[{"href":"https:\/\/suenosdecostarica.com\/index.php?rest_route=\/wp\/v2\/types\/page"}],"author":[{"embeddable":true,"href":"https:\/\/suenosdecostarica.com\/index.php?rest_route=\/wp\/v2\/users\/2"}],"replies":[{"embeddable":true,"href":"https:\/\/suenosdecostarica.com\/index.php?rest_route=%2Fwp%2Fv2%2Fcomments&post=90"}],"version-history":[{"count":53,"href":"https:\/\/suenosdecostarica.com\/index.php?rest_route=\/wp\/v2\/pages\/90\/revisions"}],"predecessor-version":[{"id":1538,"href":"https:\/\/suenosdecostarica.com\/index.php?rest_route=\/wp\/v2\/pages\/90\/revisions\/1538"}],"wp:attachment":[{"href":"https:\/\/suenosdecostarica.com\/index.php?rest_route=%2Fwp%2Fv2%2Fmedia&parent=90"}],"curies":[{"name":"wp","href":"https:\/\/api.w.org\/{rel}","templated":true}]}}